{"id":13886,"date":"2024-09-14T06:49:27","date_gmt":"2024-09-14T01:19:27","guid":{"rendered":"https:\/\/politicsrights.com\/?page_id=13886"},"modified":"2024-09-14T06:49:47","modified_gmt":"2024-09-14T01:19:47","slug":"manage-your-subscription","status":"publish","type":"page","link":"https:\/\/politicsrights.com\/es\/manage-your-subscription\/","title":{"rendered":"Manage your subscription"},"content":{"rendered":"El formulario de gesti\u00f3n de suscripci\u00f3n s\u00f3lo est\u00e1 disponible a los suscriptores de las listas de correo.","protected":false},"excerpt":{"rendered":"","protected":false},"author":1,"featured_media":0,"parent":0,"menu_order":0,"comment_status":"closed","ping_status":"closed","template":"","meta":{"iawp_total_views":5,"footnotes":""},"ppma_author":[59],"class_list":["post-13886","page","type-page","status-publish"],"pp_statuses_selecting_workflow":false,"pp_workflow_action":"current","pp_status_selection":"publish","_links":{"self":[{"href":"https:\/\/politicsrights.com\/es\/wp-json\/wp\/v2\/pages\/13886","targetHints":{"allow":["GET"]}}],"collection":[{"href":"https:\/\/politicsrights.com\/es\/wp-json\/wp\/v2\/pages"}],"about":[{"href":"https:\/\/politicsrights.com\/es\/wp-json\/wp\/v2\/types\/page"}],"author":[{"embeddable":true,"href":"https:\/\/politicsrights.com\/es\/wp-json\/wp\/v2\/users\/1"}],"replies":[{"embeddable":true,"href":"https:\/\/politicsrights.com\/es\/wp-json\/wp\/v2\/comments?post=13886"}],"version-history":[{"count":0,"href":"https:\/\/politicsrights.com\/es\/wp-json\/wp\/v2\/pages\/13886\/revisions"}],"wp:attachment":[{"href":"https:\/\/politicsrights.com\/es\/wp-json\/wp\/v2\/media?parent=13886"}],"wp:term":[{"taxonomy":"author","embeddable":true,"href":"https:\/\/politicsrights.com\/es\/wp-json\/wp\/v2\/ppma_author?post=13886"}],"curies":[{"name":"wp","href":"https:\/\/api.w.org\/{rel}","templated":true}]}}