{"id":14653,"date":"2024-10-25T22:38:36","date_gmt":"2024-10-25T17:08:36","guid":{"rendered":"https:\/\/politicsrights.com\/?page_id=14653"},"modified":"2024-11-08T07:15:19","modified_gmt":"2024-11-08T01:45:19","slug":"the-politics-brief","status":"publish","type":"page","link":"https:\/\/politicsrights.com\/es\/the-politics-brief\/","title":{"rendered":"The Politics Brief"},"content":{"rendered":"<div data-elementor-type=\"wp-page\" data-elementor-id=\"14653\" class=\"elementor elementor-14653\" data-elementor-post-type=\"page\">\n\t\t\t\t<div class=\"elementor-element elementor-element-49c5066 e-flex e-con-boxed e-con e-parent\" data-id=\"49c5066\" data-element_type=\"container\" data-e-type=\"container\">\n\t\t\t\t\t<div class=\"e-con-inner\">\n\t\t\t\t<div class=\"elementor-element elementor-element-11c9e76 elementor-widget elementor-widget-spacer\" data-id=\"11c9e76\" data-element_type=\"widget\" data-e-type=\"widget\" data-widget_type=\"spacer.default\">\n\t\t\t\t<div class=\"elementor-widget-container\">\n\t\t\t\t\t\t\t<div class=\"elementor-spacer\">\n\t\t\t<div class=\"elementor-spacer-inner\"><\/div>\n\t\t<\/div>\n\t\t\t\t\t\t<\/div>\n\t\t\t\t<\/div>\n\t\t\t\t\t<\/div>\n\t\t\t\t<\/div>\n\t\t<div class=\"elementor-element elementor-element-5209f39 e-flex e-con-boxed e-con e-parent\" data-id=\"5209f39\" data-element_type=\"container\" data-e-type=\"container\">\n\t\t\t\t\t<div class=\"e-con-inner\">\n\t\t<div class=\"elementor-element elementor-element-e19bafa e-con-full e-flex e-con e-child\" data-id=\"e19bafa\" data-element_type=\"container\" data-e-type=\"container\" data-settings=\"{&quot;background_background&quot;:&quot;classic&quot;}\">\n\t\t<div class=\"elementor-element elementor-element-861cae6 e-con-full e-flex e-con e-child\" data-id=\"861cae6\" data-element_type=\"container\" data-e-type=\"container\">\n\t\t\t\t<div class=\"elementor-element elementor-element-93b0e3e elementor-widget elementor-widget-foxiz-heading\" data-id=\"93b0e3e\" data-element_type=\"widget\" data-e-type=\"widget\" data-widget_type=\"foxiz-heading.default\">\n\t\t\t\t<div class=\"elementor-widget-container\">\n\t\t\t\t\t<div id=\"uid_93b0e3e\" class=\"block-h heading-layout-19\"><div class=\"heading-inner\"><h2 class=\"heading-title\"><span>The Politics Brief<\/span><\/h2><div class=\"heading-tagline h6\"><span class=\"heading-tagline-label\">Accede libremente a an\u00e1lisis profundos, res\u00famenes estrat\u00e9gicos y art\u00edculos curados sobre los principales eventos pol\u00edticos. The Politics Brief ofrece evaluaciones precisas y verificables de los hechos, junto con un an\u00e1lisis de sus posibles implicaciones futuras, lo que te permite interpretar los desarrollos globales clave desde una perspectiva bien informada y cr\u00edtica.<\/span><\/div><\/div><\/div>\t\t\t\t<\/div>\n\t\t\t\t<\/div>\n\t\t\t\t<\/div>\n\t\t<div class=\"elementor-element elementor-element-51c593a e-con-full e-flex e-con e-child\" data-id=\"51c593a\" data-element_type=\"container\" data-e-type=\"container\">\n\t\t\t\t<div class=\"elementor-element elementor-element-022aca8 elementor-widget elementor-widget-image\" data-id=\"022aca8\" data-element_type=\"widget\" data-e-type=\"widget\" data-widget_type=\"image.default\">\n\t\t\t\t<div class=\"elementor-widget-container\">\n\t\t\t\t\t\t\t\t\t\t\t\t\t\t\t<img loading=\"lazy\" decoding=\"async\" width=\"800\" height=\"430\" src=\"https:\/\/politicsrights.com\/wp-content\/uploads\/2024\/10\/world-map-clipart-md.png\" class=\"attachment-full size-full wp-image-14672\" alt=\"\" srcset=\"https:\/\/politicsrights.com\/wp-content\/uploads\/2024\/10\/world-map-clipart-md.png 800w, https:\/\/politicsrights.com\/wp-content\/uploads\/2024\/10\/world-map-clipart-md-300x161.png 300w, https:\/\/politicsrights.com\/wp-content\/uploads\/2024\/10\/world-map-clipart-md-768x413.png 768w, https:\/\/politicsrights.com\/wp-content\/uploads\/2024\/10\/world-map-clipart-md-18x10.png 18w\" sizes=\"auto, (max-width: 800px) 100vw, 800px\" \/>\t\t\t\t\t\t\t\t\t\t\t\t\t\t\t<\/div>\n\t\t\t\t<\/div>\n\t\t\t\t<\/div>\n\t\t\t\t<\/div>\n\t\t\t\t\t<\/div>\n\t\t\t\t<\/div>\n\t\t<div class=\"elementor-element elementor-element-1e42e86 e-flex e-con-boxed e-con e-parent\" data-id=\"1e42e86\" data-element_type=\"container\" data-e-type=\"container\">\n\t\t\t\t\t<div class=\"e-con-inner\">\n\t\t\t\t<div class=\"elementor-element elementor-element-c95d830 elementor-widget elementor-widget-foxiz-grid-flex-2\" data-id=\"c95d830\" data-element_type=\"widget\" data-e-type=\"widget\" data-widget_type=\"foxiz-grid-flex-2.default\">\n\t\t\t\t<div class=\"elementor-widget-container\">\n\t\t\t\t\t<div id=\"uid_c95d830\" class=\"block-wrap block-grid block-grid-flex-2 rb-columns rb-col-1 rb-tcol-1 rb-mcol-1 is-gap-20 hovering-bw-invert bottom-border is-b-border-gray no-last-bb is-pagi-text ecat-text meta-s-default\"><\/div>\t\t\t\t<\/div>\n\t\t\t\t<\/div>\n\t\t\t\t\t<\/div>\n\t\t\t\t<\/div>\n\t\t\t\t<\/div>","protected":false},"excerpt":{"rendered":"<p>The Politics Brief Open access to in-depth analyses, strategic summaries, and curated articles on major political events. The Politics Brief provides accurate and verifiable assessments of the facts, along with an analysis of their potential future implications, enabling you to interpret key global developments from a well-informed and critical perspective. No found posts, Please add [&hellip;]<\/p>\n","protected":false},"author":1,"featured_media":0,"parent":0,"menu_order":0,"comment_status":"closed","ping_status":"closed","template":"","meta":{"iawp_total_views":99,"footnotes":""},"ppma_author":[230],"class_list":["post-14653","page","type-page","status-publish"],"pp_statuses_selecting_workflow":false,"pp_workflow_action":"current","pp_status_selection":"publish","_links":{"self":[{"href":"https:\/\/politicsrights.com\/es\/wp-json\/wp\/v2\/pages\/14653","targetHints":{"allow":["GET"]}}],"collection":[{"href":"https:\/\/politicsrights.com\/es\/wp-json\/wp\/v2\/pages"}],"about":[{"href":"https:\/\/politicsrights.com\/es\/wp-json\/wp\/v2\/types\/page"}],"author":[{"embeddable":true,"href":"https:\/\/politicsrights.com\/es\/wp-json\/wp\/v2\/users\/1"}],"replies":[{"embeddable":true,"href":"https:\/\/politicsrights.com\/es\/wp-json\/wp\/v2\/comments?post=14653"}],"version-history":[{"count":0,"href":"https:\/\/politicsrights.com\/es\/wp-json\/wp\/v2\/pages\/14653\/revisions"}],"wp:attachment":[{"href":"https:\/\/politicsrights.com\/es\/wp-json\/wp\/v2\/media?parent=14653"}],"wp:term":[{"taxonomy":"author","embeddable":true,"href":"https:\/\/politicsrights.com\/es\/wp-json\/wp\/v2\/ppma_author?post=14653"}],"curies":[{"name":"wp","href":"https:\/\/api.w.org\/{rel}","templated":true}]}}