{"id":2869,"date":"2023-08-21T19:58:46","date_gmt":"2023-08-21T19:58:46","guid":{"rendered":"https:\/\/politicsrights.com\/?page_id=2869"},"modified":"2024-11-27T03:49:43","modified_gmt":"2024-11-26T17:49:43","slug":"terms-and-conditions","status":"publish","type":"page","link":"https:\/\/politicsrights.com\/es\/terms-and-conditions\/","title":{"rendered":"T\u00e9rminos y Condiciones"},"content":{"rendered":"<p class=\"translation-block\">1. <strong>Aceptaci\u00f3n de los t\u00e9rminos<\/strong>: Al acceder y utilizar Pol\u00edtica y Derechos Rese\u00f1a (\"el Sitio\"), aceptas cumplir y quedar sujeto a estos T\u00e9rminos y Condiciones. Si no est\u00e1s de acuerdo con estos t\u00e9rminos, por favor, no uses el Sitio.<\/p>\n\n\n\n<p class=\"translation-block\">2. <strong>Contenido y Licencias<\/strong>: El contenido del Sitio est\u00e1 bajo una Licencia Creative Commons Attribution-NonCommercial-NoDerivs (CC BY-NC-ND), excepto donde se indique lo contrario. Esta licencia permite compartir la obra original, pero con la atribuci\u00f3n adecuada y solo con fines no comerciales. No se pueden crear obras derivadas basadas en la obra original. Los art\u00edculos individuales pueden tener licencias espec\u00edficas, y la licencia aplicable se indicar\u00e1 en la p\u00e1gina del art\u00edculo respectivo.<\/p>\n\n\n\n<p class=\"translation-block\">3. <strong>Contribuciones de Usuarios<\/strong>: Se alienta a los usuarios a contribuir con contenido de acuerdo con la misi\u00f3n y el enfoque del Sitio. Al enviar contenido, otorga al Sitio una licencia no exclusiva, libre de regal\u00edas y perpetua para usar, reproducir y distribuir el contenido de acuerdo con la licencia de Creative Commons aplicable.<\/p>\n\n\n\n<p class=\"translation-block\">4. <strong>Restricciones<\/strong>: No puedes utilizar el Sitio para ning\u00fan prop\u00f3sito ilegal ni de ninguna manera que viole estos T\u00e9rminos y Condiciones. No puedes reproducir, redistribuir ni explotar comercialmente el contenido sin una atribuci\u00f3n adecuada y el cumplimiento de la licencia de Creative Commons correspondiente.<\/p>\n\n\n\n<p class=\"translation-block\">5. <strong>Descargo de responsabilidad<\/strong>: El Sitio proporciona contenido \u00fanicamente con fines informativos y educativos. Aunque nos esforzamos por la precisi\u00f3n, no garantizamos la integridad, confiabilidad o puntualidad de la informaci\u00f3n. El Sitio no se hace responsable de las decisiones tomadas en funci\u00f3n del contenido.<\/p>\n\n\n\n<p class=\"translation-block\">6. <strong>L\u00edmite de responsabilidad<\/strong>: El Sitio no ser\u00e1 responsable de ning\u00fan da\u00f1o directo, indirecto, incidental o consecuente que surja del uso o la imposibilidad de uso del Sitio o su contenido.<\/p>\n\n\n\n<p class=\"translation-block\">7. <strong>Cambios en los t\u00e9rminos<\/strong>: Nos reservamos el derecho de modificar estos T\u00e9rminos y Condiciones en cualquier momento sin previo aviso. El uso continuado del Sitio constituye la aceptaci\u00f3n de los t\u00e9rminos modificados.<\/p>\n\n\n\n<p class=\"translation-block\">8. <strong>Ley Aplicable<\/strong>: Estos T\u00e9rminos y Condiciones se regir\u00e1n e interpretar\u00e1n de acuerdo con las leyes de la jurisdicci\u00f3n en la que opera el Sitio.<\/p>\n\n\n\n<p class=\"translation-block\">9. <strong>Contacto<\/strong>: Para preguntas o inquietudes acerca de estos T\u00e9rminos y Condiciones, por favor  <a href=\"mailto:editorial@politicsrights.com\" target=\"_self\">cont\u00e1ctenos<\/a>.<\/p>\n\n\n\n<p><\/p>","protected":false},"excerpt":{"rendered":"<p>1. Acceptance of Terms: By accessing and using Politics and Rights Review (\u201cthe Site\u201d), you agree to comply with and be bound by these Terms and Conditions. If you do not agree to these terms, please do not use the Site. 2. Content and Licensing: The content on the Site is licensed under a Creative [&hellip;]<\/p>\n","protected":false},"author":1,"featured_media":0,"parent":0,"menu_order":0,"comment_status":"closed","ping_status":"closed","template":"","meta":{"iawp_total_views":43,"footnotes":""},"ppma_author":[59],"class_list":["post-2869","page","type-page","status-publish"],"pp_statuses_selecting_workflow":false,"pp_workflow_action":"current","pp_status_selection":"publish","_links":{"self":[{"href":"https:\/\/politicsrights.com\/es\/wp-json\/wp\/v2\/pages\/2869","targetHints":{"allow":["GET"]}}],"collection":[{"href":"https:\/\/politicsrights.com\/es\/wp-json\/wp\/v2\/pages"}],"about":[{"href":"https:\/\/politicsrights.com\/es\/wp-json\/wp\/v2\/types\/page"}],"author":[{"embeddable":true,"href":"https:\/\/politicsrights.com\/es\/wp-json\/wp\/v2\/users\/1"}],"replies":[{"embeddable":true,"href":"https:\/\/politicsrights.com\/es\/wp-json\/wp\/v2\/comments?post=2869"}],"version-history":[{"count":0,"href":"https:\/\/politicsrights.com\/es\/wp-json\/wp\/v2\/pages\/2869\/revisions"}],"wp:attachment":[{"href":"https:\/\/politicsrights.com\/es\/wp-json\/wp\/v2\/media?parent=2869"}],"wp:term":[{"taxonomy":"author","embeddable":true,"href":"https:\/\/politicsrights.com\/es\/wp-json\/wp\/v2\/ppma_author?post=2869"}],"curies":[{"name":"wp","href":"https:\/\/api.w.org\/{rel}","templated":true}]}}