{"id":2875,"date":"2023-08-21T20:11:14","date_gmt":"2023-08-21T20:11:14","guid":{"rendered":"https:\/\/politicsrights.com\/?page_id=2875"},"modified":"2026-01-12T03:27:30","modified_gmt":"2026-01-11T20:57:30","slug":"guidelines-for-authors","status":"publish","type":"page","link":"https:\/\/politicsrights.com\/es\/guidelines-for-authors\/","title":{"rendered":"Directrices para autores"},"content":{"rendered":"<p class=\"translation-block\">En <em>Politics and Rights Review<\/em>, damos la bienvenida a las contribuciones que reflejen un pensamiento original y perspectivas cr\u00edticas sobre cuestiones pol\u00edticas y sociales. Nuestra misi\u00f3n es fomentar un di\u00e1logo acad\u00e9mico accesible y de alta calidad entre disciplinas, al tiempo que se reduce la distancia entre la investigaci\u00f3n acad\u00e9mica y el debate p\u00fablico.<\/p>\n\n\n\n<p class=\"translation-block\">Nos comprometemos a hacer que las ideas complejas sean comprensibles m\u00e1s all\u00e1 del \u00e1mbito acad\u00e9mico, promoviendo la educaci\u00f3n p\u00fablica y fomentando la reflexi\u00f3n cr\u00edtica sobre los grandes desaf\u00edos de nuestro tiempo. En este esp\u00edritu, <em>Politics and Rights Review<\/em> funciona como una plataforma donde la rigurosidad acad\u00e9mica se encuentra con el compromiso c\u00edvico.<\/p>\n\n\n\n<p>Nuestro contenido editorial se construye principalmente en torno a contribuciones por invitaci\u00f3n, lo que nos permite mantener coherencia tem\u00e1tica y enfoque editorial. Tambi\u00e9n aceptamos env\u00edos no solicitados, siempre que los autores indiquen su disposici\u00f3n a cubrir una tarifa de publicaci\u00f3n moderada de 150 USD, pagadera \u00fanicamente en caso de aceptaci\u00f3n. Esta contribuci\u00f3n ayuda a cubrir los costos de correcci\u00f3n de estilo, trabajo editorial, traducci\u00f3n a dos idiomas, publicaci\u00f3n y difusi\u00f3n en redes sociales, garantizando una presentaci\u00f3n profesional y una amplia visibilidad del trabajo publicado. Tenga en cuenta que los env\u00edos no solicitados que no cumplan con alguna de estas condiciones no ser\u00e1n evaluados.<\/p>\n\n\n\n<p>Solicitamos amablemente a los autores que sigan las siguientes directrices para garantizar la coherencia con nuestros est\u00e1ndares editoriales:<\/p>\n\n\n\n<p class=\"translation-block\"><strong>Originalidad:<\/strong> Todos los art\u00edculos deben ser trabajos in\u00e9ditos creados espec\u00edficamente para <em>Politics and Rights Review<\/em>. Valoramos las perspectivas frescas y la investigaci\u00f3n original.<\/p>\n\n\n\n<p class=\"translation-block\"><strong>Extensi\u00f3n:<\/strong> Los art\u00edculos deben tener entre 1,500 y 2,000 palabras. Sin embargo, este requisito es flexible; se aceptan art\u00edculos m\u00e1s largos si es necesario.<\/p>\n\n\n\n<div class=\"wp-block-group\"><div class=\"wp-block-group__inner-container is-layout-constrained wp-block-group-is-layout-constrained\">\n<p class=\"translation-block\"><strong>Idioma y legibilidad:<\/strong> Evite t\u00e9rminos altamente especializados para asegurar que el contenido sea accesible tanto para expertos como para el p\u00fablico general.<\/p>\n\n\n\n<p class=\"translation-block\"><strong>Alineaci\u00f3n con nuestras pol\u00edticas:<\/strong> Los env\u00edos deben estar alineados con la misi\u00f3n, pol\u00edticas y t\u00e9rminos de <em>Politics and Rights Review<\/em>.<\/p>\n\n\n\n<p class=\"translation-block\"><strong>M\u00e9todo de env\u00edo:<\/strong> Env\u00ede su art\u00edculo por correo electr\u00f3nico haciendo clic <a href=\"mailto:editorial@politicsrights.com\" target=\"_self\">aqu\u00ed<\/a>.<\/p>\n\n\n\n<p class=\"translation-block\"><strong>Tiempo de respuesta:<\/strong> Si no recibe respuesta en un plazo de tres d\u00edas, puede enviar su art\u00edculo a otro lugar.<\/p>\n\n\n\n<p class=\"translation-block\"><strong>Derechos y licencias:<\/strong> Al enviar su art\u00edculo, acepta nuestros <a href=\"https:\/\/politicsrights.com\/es\/terminos-y-condiciones\/\" target=\"_self\">T\u00e9rminos y Condiciones<\/a>.<\/p>\n\n\n\n<p class=\"translation-block\"><strong>Compensaci\u00f3n:<\/strong> No ofrecemos compensaci\u00f3n monetaria por los art\u00edculos. Sin embargo, contribuir a Politics and Rights Review brinda la oportunidad de llegar a una audiencia amplia y comprometida, obtener reconocimiento en el campo y formar parte de una comunidad dedicada a fomentar la comprensi\u00f3n y la empat\u00eda en pol\u00edtica, derechos y justicia social.<\/p>\n\n\n\n<p class=\"translation-block\"><strong>Revisi\u00f3n editorial:<\/strong> Nos reservamos el derecho de editar los env\u00edos, incluidos t\u00edtulos y subt\u00edtulos, o reemplazar el t\u00edtulo original por uno nuevo para garantizar claridad y alineaci\u00f3n con nuestros est\u00e1ndares.<\/p>\n\n\n\n<h3 class=\"wp-block-heading\">Formato y estilo:<\/h3>\n\n\n\n<h4 class=\"wp-block-heading\">Recuento de palabras<\/h4>\n\n\n\n<ul class=\"wp-block-list\">\n<li>Use p\u00e1rrafos cortos de 40 a 75 palabras.<\/li>\n\n\n\n<li>Use hiperv\u00ednculos en lugar de referencias con fecha de autor o bibliograf\u00edas.<\/li>\n<\/ul>\n\n\n\n<h4 class=\"wp-block-heading\">T\u00edtulo y subt\u00edtulos<\/h4>\n\n\n\n<ul class=\"wp-block-list\">\n<li>The title should not exceed 60 characters (<em>Politics and Rights Review<\/em>&nbsp;can suggest a title if necessary).<\/li>\n\n\n\n<li>Include subheadings every 300 words or less to improve readability (<em>Politics and Rights Review<\/em>&nbsp;can also assist with subheadings).<\/li>\n<\/ul>\n\n\n\n<h4 class=\"wp-block-heading\">Tono y estilo<\/h4>\n\n\n\n<ul class=\"wp-block-list\">\n<li>Mantenga un tono claro y atractivo adecuado para un p\u00fablico amplio.<\/li>\n\n\n\n<li>Use active voice whenever possible.<\/li>\n<\/ul>\n\n\n\n<h4 class=\"wp-block-heading\">Formato<\/h4>\n\n\n\n<ul class=\"wp-block-list\">\n<li>Utilice una fuente est\u00e1ndar y legible como Times New Roman o Arial, tama\u00f1o 12 puntos.<\/li>\n\n\n\n<li>Alinee el texto a la izquierda y utilice un interlineado de 1.5.<\/li>\n\n\n\n<li>Incorpore vi\u00f1etas o listas numeradas donde sea apropiado para mayor claridad.<\/li>\n<\/ul>\n<\/div><\/div>\n\n\n\n<div class=\"wp-block-group\"><div class=\"wp-block-group__inner-container is-layout-constrained wp-block-group-is-layout-constrained\">\n<h3 class=\"wp-block-heading\">Detalles de env\u00edo:<\/h3>\n\n\n\n<p>Env\u00ede su art\u00edculo como un documento de Word. Junto con el art\u00edculo, incluya:<\/p>\n\n\n\n<ul class=\"wp-block-list\">\n<li class=\"translation-block\"><strong>Una breve biograf\u00eda (m\u00e1ximo 50 palabras):<\/strong> Incluya una breve descripci\u00f3n de su trayectoria profesional, experiencia y logros o afiliaciones relevantes para su env\u00edo.<\/li>\n\n\n\n<li class=\"translation-block\"><strong>Una fotograf\u00eda<\/strong> o un enlace a un perfil p\u00fablico que proporcione su foto y la informaci\u00f3n relevante.<\/li>\n<\/ul>\n\n\n\n<p class=\"translation-block\">Para preguntas o m\u00e1s informaci\u00f3n, por favor <a href=\"mailto:editorial@politicsrights.com\" target=\"_self\">cont\u00e1ctenos<\/a>.<\/p>\n<\/div><\/div>","protected":false},"excerpt":{"rendered":"<p>At Politics and Rights Review, we welcome contributions that reflect original thinking and critical perspectives on political and social issues. Our mission is to foster accessible, high-quality academic dialogue across disciplines, while bridging the gap between scholarly research and broader public debate. We are committed to making complex ideas intelligible beyond the academic sphere, promoting [&hellip;]<\/p>\n","protected":false},"author":1,"featured_media":0,"parent":0,"menu_order":0,"comment_status":"closed","ping_status":"closed","template":"","meta":{"iawp_total_views":288,"footnotes":""},"ppma_author":[59],"class_list":["post-2875","page","type-page","status-publish"],"pp_statuses_selecting_workflow":false,"pp_workflow_action":"current","pp_status_selection":"publish","_links":{"self":[{"href":"https:\/\/politicsrights.com\/es\/wp-json\/wp\/v2\/pages\/2875","targetHints":{"allow":["GET"]}}],"collection":[{"href":"https:\/\/politicsrights.com\/es\/wp-json\/wp\/v2\/pages"}],"about":[{"href":"https:\/\/politicsrights.com\/es\/wp-json\/wp\/v2\/types\/page"}],"author":[{"embeddable":true,"href":"https:\/\/politicsrights.com\/es\/wp-json\/wp\/v2\/users\/1"}],"replies":[{"embeddable":true,"href":"https:\/\/politicsrights.com\/es\/wp-json\/wp\/v2\/comments?post=2875"}],"version-history":[{"count":6,"href":"https:\/\/politicsrights.com\/es\/wp-json\/wp\/v2\/pages\/2875\/revisions"}],"predecessor-version":[{"id":25086,"href":"https:\/\/politicsrights.com\/es\/wp-json\/wp\/v2\/pages\/2875\/revisions\/25086"}],"wp:attachment":[{"href":"https:\/\/politicsrights.com\/es\/wp-json\/wp\/v2\/media?parent=2875"}],"wp:term":[{"taxonomy":"author","embeddable":true,"href":"https:\/\/politicsrights.com\/es\/wp-json\/wp\/v2\/ppma_author?post=2875"}],"curies":[{"name":"wp","href":"https:\/\/api.w.org\/{rel}","templated":true}]}}