{"id":3,"date":"2023-08-12T23:23:37","date_gmt":"2023-08-12T23:23:37","guid":{"rendered":"https:\/\/politicsrights.com\/?page_id=3"},"modified":"2024-04-29T21:11:03","modified_gmt":"2024-04-29T21:11:03","slug":"privacy-policy","status":"publish","type":"page","link":"https:\/\/politicsrights.com\/es\/privacy-policy\/","title":{"rendered":"Pol\u00edtica de privacidad"},"content":{"rendered":"<p>Bienvenidos a Politics and Rights Review. Estamos comprometidos con proteger la privacidad de nuestros visitantes. Esta pol\u00edtica describe c\u00f3mo recopilamos, utilizamos y compartimos informaci\u00f3n personal.<\/p>\n\n\n\n<p><strong>1. Informaci\u00f3n que recopilamos:<\/strong><\/p>\n\n\n\n<ul class=\"wp-block-list\">\n<li class=\"translation-block\">Direcciones de correo electr\u00f3nico: Recopilamos su direcci\u00f3n de correo electr\u00f3nico cuando se suscribe a nuestro bolet\u00edn informativo. Esta es la \u00fanica informaci\u00f3n personal que recogemos.<\/li>\n<\/ul>\n\n\n\n<p><strong>2. Uso de la informaci\u00f3n:<\/strong> Usamos las direcciones de correo electr\u00f3nico recopiladas para:<\/p>\n\n\n\n<ul class=\"wp-block-list\">\n<li>Enviarle nuestros boletines, que pueden incluir actualizaciones, noticias sobre nuestros servicios y otra informaci\u00f3n que podr\u00eda ser de su inter\u00e9s.<\/li>\n<\/ul>\n\n\n\n<p><strong>3. Compartir su informaci\u00f3n: <\/strong>En Politics and Rights Review, respetamos su privacidad y su control sobre su informaci\u00f3n personal. Nos comprometemos a no vender, alquilar, compartir o divulgar sus direcciones de correo electr\u00f3nico a terceros con fines comerciales. La \u00fanica excepci\u00f3n ser\u00eda si estamos obligados por ley, como en respuesta a una orden judicial o un proceso legal similar.<\/p>\n\n\n\n<p><strong>4. Seguridad:<\/strong> Implementamos medidas de seguridad t\u00e9cnicas y organizativas para proteger su direcci\u00f3n de correo electr\u00f3nico contra el acceso no autorizado, la alteraci\u00f3n, la divulgaci\u00f3n o la destrucci\u00f3n.<\/p>\n\n\n\n<p><strong>5. Sus derechos: <\/strong>Bajo las leyes de privacidad canadienses, tiene derecho a acceder y solicitar la eliminaci\u00f3n de su direcci\u00f3n de correo electr\u00f3nico de nuestros registros. Puede ejercer estos derechos contact\u00e1ndonos directamente.<\/p>\n\n\n\n<p><strong>6. Cambios a esta pol\u00edtica<\/strong> Podemos actualizar nuestra Pol\u00edtica de Privacidad de vez en cuando. Le notificaremos cualquier cambio significativo y publicaremos la pol\u00edtica actualizada en nuestro sitio.<\/p>\n\n\n\n<p><strong>Contacto:<\/strong> Si tiene alguna pregunta sobre esta pol\u00edtica o c\u00f3mo manejamos su direcci\u00f3n de correo electr\u00f3nico, no dude en contactarnos a trav\u00e9s de editorial@politicsrights.com<\/p>","protected":false},"excerpt":{"rendered":"<p>Welcome to Politics and Rights Review. We are committed to protecting the privacy of our visitors. This policy outlines how we collect, use, and share personal information. 1. Information We Collect 2. Use of Information: We use the email addresses collected to: 3. Sharing Your Information: At Politics and Rights Review, we respect your privacy [&hellip;]<\/p>\n","protected":false},"author":1,"featured_media":0,"parent":0,"menu_order":0,"comment_status":"closed","ping_status":"open","template":"","meta":{"iawp_total_views":164,"footnotes":""},"ppma_author":[59],"class_list":["post-3","page","type-page","status-publish"],"pp_statuses_selecting_workflow":false,"pp_workflow_action":"current","pp_status_selection":"publish","_links":{"self":[{"href":"https:\/\/politicsrights.com\/es\/wp-json\/wp\/v2\/pages\/3","targetHints":{"allow":["GET"]}}],"collection":[{"href":"https:\/\/politicsrights.com\/es\/wp-json\/wp\/v2\/pages"}],"about":[{"href":"https:\/\/politicsrights.com\/es\/wp-json\/wp\/v2\/types\/page"}],"author":[{"embeddable":true,"href":"https:\/\/politicsrights.com\/es\/wp-json\/wp\/v2\/users\/1"}],"replies":[{"embeddable":true,"href":"https:\/\/politicsrights.com\/es\/wp-json\/wp\/v2\/comments?post=3"}],"version-history":[{"count":0,"href":"https:\/\/politicsrights.com\/es\/wp-json\/wp\/v2\/pages\/3\/revisions"}],"wp:attachment":[{"href":"https:\/\/politicsrights.com\/es\/wp-json\/wp\/v2\/media?parent=3"}],"wp:term":[{"taxonomy":"author","embeddable":true,"href":"https:\/\/politicsrights.com\/es\/wp-json\/wp\/v2\/ppma_author?post=3"}],"curies":[{"name":"wp","href":"https:\/\/api.w.org\/{rel}","templated":true}]}}