{"id":3372,"date":"2023-08-29T15:04:08","date_gmt":"2023-08-29T15:04:08","guid":{"rendered":"https:\/\/politicsrights.com\/?page_id=3372"},"modified":"2024-11-10T06:15:14","modified_gmt":"2024-11-10T00:45:14","slug":"about","status":"publish","type":"page","link":"https:\/\/politicsrights.com\/es\/about\/","title":{"rendered":"Acerca de"},"content":{"rendered":"<div data-elementor-type=\"wp-page\" data-elementor-id=\"3372\" class=\"elementor elementor-3372\" data-elementor-post-type=\"page\">\n\t\t\t\t\t\t<section class=\"elementor-section elementor-top-section elementor-element elementor-element-25a94174 elementor-section-boxed elementor-section-height-default elementor-section-height-default\" data-id=\"25a94174\" data-element_type=\"section\" data-e-type=\"section\">\n\t\t\t\t\t\t<div class=\"elementor-container elementor-column-gap-default\">\n\t\t\t\t\t<div class=\"elementor-column elementor-col-100 elementor-top-column elementor-element elementor-element-58cc52d\" data-id=\"58cc52d\" data-element_type=\"column\" data-e-type=\"column\">\n\t\t\t<div class=\"elementor-widget-wrap elementor-element-populated\">\n\t\t\t\t\t\t<div class=\"elementor-element elementor-element-15bf085 elementor-widget elementor-widget-spacer\" data-id=\"15bf085\" data-element_type=\"widget\" data-e-type=\"widget\" data-widget_type=\"spacer.default\">\n\t\t\t\t<div class=\"elementor-widget-container\">\n\t\t\t\t\t\t\t<div class=\"elementor-spacer\">\n\t\t\t<div class=\"elementor-spacer-inner\"><\/div>\n\t\t<\/div>\n\t\t\t\t\t\t<\/div>\n\t\t\t\t<\/div>\n\t\t\t\t<div class=\"elementor-element elementor-element-81eec6c elementor-widget elementor-widget-heading\" data-id=\"81eec6c\" data-element_type=\"widget\" data-e-type=\"widget\" data-widget_type=\"heading.default\">\n\t\t\t\t<div class=\"elementor-widget-container\">\n\t\t\t\t\t<h1 class=\"elementor-heading-title elementor-size-default\"><span style=\"font-size: 16px;font-style: normal\"><b>Movilizando el conocimiento: una revista interdisciplinaria que conecta la academia y la sociedad<\/b><\/span><\/h1>\t\t\t\t<\/div>\n\t\t\t\t<\/div>\n\t\t\t\t<div class=\"elementor-element elementor-element-2c621174 elementor-widget elementor-widget-text-editor\" data-id=\"2c621174\" data-element_type=\"widget\" data-e-type=\"widget\" data-widget_type=\"text-editor.default\">\n\t\t\t\t<div class=\"elementor-widget-container\">\n\t\t\t\t\t\t\t\t\t<p><\/p>\n<p class=\"translation-block\"><em>Politics and Rights Review<\/em>, con sede en Ottawa, Canad\u00e1, conecta el conocimiento acad\u00e9mico con la sociedad, sintetizando claridad y rigor de una manera que atrae tanto a audiencias acad\u00e9micas como no acad\u00e9micas.<\/p>\n<p><\/p>\n<p><\/p>\n<p class=\"translation-block\"><strong>Compromiso inquebrantable con la movilizaci\u00f3n del conocimiento<\/strong>: <em>Politics and Rights Review<\/em> se dedica a trascender las fronteras acad\u00e9micas tradicionales, asegurando que los an\u00e1lisis acad\u00e9micos no solo sean perspicaces, sino que tambi\u00e9n resuenen con audiencias diversas. Este compromiso con la movilizaci\u00f3n del conocimiento es fundamental para fomentar el discurso informado en la sociedad y la toma de decisiones.<\/p>\n<p><\/p>\n<p><\/p>\n<p class=\"translation-block\"><strong>Un nexo interdisciplinario e intergeneracional<\/strong>: La revista prospera gracias a la diversidad de pensamientos y perspectivas, uniendo voces emergentes con acad\u00e9micos establecidos de diversas disciplinas. Este rico tapiz intelectual es fundamental para fomentar ideas innovadoras y an\u00e1lisis exhaustivos que abordan desaf\u00edos globales complejos.<\/p>\n<p><\/p>\n<p><\/p>\n<p class=\"translation-block\"><strong>Publicaci\u00f3n triling\u00fce para un compromiso global mejorado<\/strong>: <em>Politics and Rights Review<\/em>, publicada en ingl\u00e9s, franc\u00e9s y espa\u00f1ol, promueve la diversidad ling\u00fc\u00edstica en el discurso acad\u00e9mico. Este enfoque triling\u00fce no se trata solo de una mayor difusi\u00f3n; es un compromiso con la incorporaci\u00f3n e integraci\u00f3n de una multitud de perspectivas culturales e intelectuales. Al proporcionar una plataforma para acad\u00e9micos e intelectuales en estas esferas ling\u00fc\u00edsticas, la revista asegura que las voces diversas no solo sean escuchadas, sino que sean parte integral del tejido de la comunidad intelectual global. Esta iniciativa derriba las barreras ling\u00fc\u00edsticas, fomentando un intercambio de ideas m\u00e1s inclusivo y equitativo, y realizando avances significativos hacia una conversaci\u00f3n verdaderamente global en los \u00e1mbitos de la pol\u00edtica y los derechos.<\/p>\n<p><\/p>\n<p><\/p>\n<p class=\"translation-block\"><strong>Ampliando el alcance acad\u00e9mico con est\u00e1ndares \u00e9ticos:<\/strong> <em>Politics and Rights Review<\/em> est\u00e1 a la vanguardia en hacer que la literatura acad\u00e9mica compleja sea accesible para una audiencia m\u00e1s amplia. Nuestro enfoque combina revisiones exhaustivas de literatura, res\u00famenes de contenido y an\u00e1lisis de datos, aprovechando tecnolog\u00edas avanzadas de lenguaje para elaborar informes pol\u00edticos detallados. Este proceso nos permite ofrecer art\u00edculos inclusivos, claros, precisos y atractivos, que son rigurosamente verificados y revisados por editores humanos, garantizando tanto la precisi\u00f3n como la calidad.<\/p>\n<p><\/p>\n<p><\/p>\n<p class=\"translation-block\"><strong>Valores fundamentales de sostenibilidad, fiabilidad y justicia social<\/strong>: <em>Politics and Rights Review<\/em> se basa firmemente en los principios de sostenibilidad, fiabilidad, transparencia y rigor acad\u00e9mico. Estos valores est\u00e1n integrados en el tejido de nuestra publicaci\u00f3n, moldeando la forma en que abordamos el contenido, interactuamos con los colaboradores y nos relacionamos con nuestros lectores.<\/p>\n<p><\/p>\n<p><\/p>\n<h2 class=\"wp-block-heading\"><strong>Escribe para Politics and Rights Review<\/strong><\/h2>\n<div><strong>&nbsp;<\/strong><\/div>\n<p><\/p>\n<p><\/p>\n<p class=\"translation-block\">Si est\u00e1s interesado en escribir para Politics and Rights Review, nos encantar\u00eda conocer tus ideas. Estamos buscando colaboradores que puedan ofrecer art\u00edculos originales, bien investigados y bien escritos sobre temas relevantes para nuestra misi\u00f3n. Si deseas unirte a nuestro equipo de escritores, por favor lee las <a href=\"https:\/\/politicsrights.com\/es\/acerca-de\/\" target=\"_self\">pautas para autores<\/a> y env\u00edanos un correo electr\u00f3nico a editorial@politicsrights.com con tu propuesta de art\u00edculo, una breve biograf\u00eda y ejemplos de tu trabajo anterior si los tienes. Nos pondremos en contacto contigo lo antes posible con m\u00e1s detalles sobre el proceso de publicaci\u00f3n. \u00a1Esperamos recibir tu colaboraci\u00f3n!<\/p>\n<p><\/p>\n<p><\/p>\n<h2 class=\"wp-block-heading\"><strong>Contacto<\/strong><\/h2>\n<div><strong>&nbsp;<\/strong><\/div>\n<p><\/p>\n<p><\/p>\n<p class=\"translation-block\">Para consultas, env\u00edos de propuestas o oportunidades de colaboraci\u00f3n, por favor, no dudes en <a href=\"mailto:editorial@politicsrights.com\" target=\"_self\">contactarnos<\/a>.<\/p>\n<p><\/p>\t\t\t\t\t\t\t\t<\/div>\n\t\t\t\t<\/div>\n\t\t\t\t\t<\/div>\n\t\t<\/div>\n\t\t\t\t\t<\/div>\n\t\t<\/section>\n\t\t\t\t<section class=\"elementor-section elementor-top-section elementor-element elementor-element-478cb40 elementor-section-boxed elementor-section-height-default elementor-section-height-default\" data-id=\"478cb40\" data-element_type=\"section\" data-e-type=\"section\">\n\t\t\t\t\t\t<div class=\"elementor-container elementor-column-gap-default\">\n\t\t\t\t\t<div class=\"elementor-column elementor-col-100 elementor-top-column elementor-element elementor-element-6a458fc\" data-id=\"6a458fc\" data-element_type=\"column\" data-e-type=\"column\">\n\t\t\t<div class=\"elementor-widget-wrap elementor-element-populated\">\n\t\t\t\t\t\t<div class=\"elementor-element elementor-element-aa520a9 elementor-widget elementor-widget-heading\" data-id=\"aa520a9\" data-element_type=\"widget\" data-e-type=\"widget\" data-widget_type=\"heading.default\">\n\t\t\t\t<div class=\"elementor-widget-container\">\n\t\t\t\t\t<h2 class=\"elementor-heading-title elementor-size-default\">Editor en Jefe<\/h2>\t\t\t\t<\/div>\n\t\t\t\t<\/div>\n\t\t\t\t<div class=\"elementor-element elementor-element-e50ff11 elementor-widget elementor-widget-foxiz-authors-1\" data-id=\"e50ff11\" data-element_type=\"widget\" data-e-type=\"widget\" data-widget_type=\"foxiz-authors-1.default\">\n\t\t\t\t<div class=\"elementor-widget-container\">\n\t\t\t\t\t<div id=\"uid_e50ff11\" class=\"block-wrap block-authors block-authors-1 is-box-shadow rb-columns rb-col-1 is-gap-20 meta-s-default\">\t\t<div class=\"block-inner\">\r\n\t\t\t\t\t<div class=\"a-card a-card-1\">\r\n\t\t\t<div class=\"a-card-inner box-inner\">\r\n\t\t\t\t<div class=\"a-card-content\">\r\n\t\t\t\t\t<div class=\"a-card-name\">\r\n\t\t\t\t\t\t<a class=\"h4 nice-name\" href=\"https:\/\/politicsrights.com\/es\/author\/karelj-leyva\/\">Karel J. Leyva<\/a>\r\n\t\t\t\t\t\t\t\t\t\t\t\t\t<span class=\"a-card-count is-meta\">\r\n\t\t\t\t\t\t\t38 Articles\t\t\t\t\t\t\t\t<\/span>\r\n\t\t\t\t\t\t\t\t\t\t\t<\/div>\r\n\t\t\t\t\t<div class=\"description-text rb-text\">\r\n\t\t\t\t\tPh.D. en Filosof\u00eda pol\u00edtica (Universit\u00e9 Paris Sciences et Lettres). Investigador Asociado en la Universidad de Montreal, especializado en teor\u00eda pol\u00edtica y pluralismo. Editor en Jefe de Politics and Rights Review.\t\t\t\t\t\t<\/div>\r\n\t\t\t\t\t\t\t\t\t<\/div>\r\n\t\t\t\t<div class=\"a-card-feat\">\r\n\t\t\t\t\t<a href=\"https:\/\/politicsrights.com\/es\/author\/karelj-leyva\/\">\r\n\t\t\t\t\t<img alt='' src='https:\/\/politicsrights.com\/wp-content\/uploads\/2024\/07\/Karel-Leyva.png' srcset='https:\/\/politicsrights.com\/wp-content\/uploads\/2024\/07\/Karel-Leyva.png 2x' class='avatar avatar-400 photo avatar-default' height='400' width='400' \/>\t\t\t\t\t\t<\/a>\r\n\t\t\t\t\t\t\t\t\t<\/div>\r\n\t\t\t<\/div>\r\n\t\t<\/div>\r\n\t\t\t\t<\/div>\r\n\t\t<\/div>\t\t\t\t<\/div>\n\t\t\t\t<\/div>\n\t\t\t\t<div class=\"elementor-element elementor-element-3c02874 elementor-widget elementor-widget-spacer\" data-id=\"3c02874\" data-element_type=\"widget\" data-e-type=\"widget\" data-widget_type=\"spacer.default\">\n\t\t\t\t<div class=\"elementor-widget-container\">\n\t\t\t\t\t\t\t<div class=\"elementor-spacer\">\n\t\t\t<div class=\"elementor-spacer-inner\"><\/div>\n\t\t<\/div>\n\t\t\t\t\t\t<\/div>\n\t\t\t\t<\/div>\n\t\t\t\t\t<\/div>\n\t\t<\/div>\n\t\t\t\t\t<\/div>\n\t\t<\/section>\n\t\t\t\t<\/div>","protected":false},"excerpt":{"rendered":"<p>Mobilizing Knowledge: An Interdisciplinary Review Connecting Academia and Society Politics and Rights Review, based in Ottawa, Canada, connects academic knowledge with society, synthesizing clarity and rigor in a way that appeals to both academic and non-academic audiences. Unwavering Commitment to Knowledge Mobilization: Politics and Rights Review is devoted to transcending traditional academic confines, ensuring that [&hellip;]<\/p>\n","protected":false},"author":1,"featured_media":0,"parent":0,"menu_order":0,"comment_status":"closed","ping_status":"closed","template":"","meta":{"iawp_total_views":901,"footnotes":""},"ppma_author":[59],"class_list":["post-3372","page","type-page","status-publish"],"pp_statuses_selecting_workflow":false,"pp_workflow_action":"current","pp_status_selection":"publish","_links":{"self":[{"href":"https:\/\/politicsrights.com\/es\/wp-json\/wp\/v2\/pages\/3372","targetHints":{"allow":["GET"]}}],"collection":[{"href":"https:\/\/politicsrights.com\/es\/wp-json\/wp\/v2\/pages"}],"about":[{"href":"https:\/\/politicsrights.com\/es\/wp-json\/wp\/v2\/types\/page"}],"author":[{"embeddable":true,"href":"https:\/\/politicsrights.com\/es\/wp-json\/wp\/v2\/users\/1"}],"replies":[{"embeddable":true,"href":"https:\/\/politicsrights.com\/es\/wp-json\/wp\/v2\/comments?post=3372"}],"version-history":[{"count":0,"href":"https:\/\/politicsrights.com\/es\/wp-json\/wp\/v2\/pages\/3372\/revisions"}],"wp:attachment":[{"href":"https:\/\/politicsrights.com\/es\/wp-json\/wp\/v2\/media?parent=3372"}],"wp:term":[{"taxonomy":"author","embeddable":true,"href":"https:\/\/politicsrights.com\/es\/wp-json\/wp\/v2\/ppma_author?post=3372"}],"curies":[{"name":"wp","href":"https:\/\/api.w.org\/{rel}","templated":true}]}}