{"id":8091,"date":"2024-01-16T02:57:54","date_gmt":"2024-01-16T02:57:54","guid":{"rendered":"https:\/\/politicsrights.com\/?page_id=8091"},"modified":"2024-03-19T18:17:40","modified_gmt":"2024-03-19T18:17:40","slug":"academic-advisory-board","status":"publish","type":"page","link":"https:\/\/politicsrights.com\/es\/academic-advisory-board\/","title":{"rendered":"Consejo Asesor Acad\u00e9mico"},"content":{"rendered":"<div data-elementor-type=\"wp-page\" data-elementor-id=\"8091\" class=\"elementor elementor-8091\" data-elementor-post-type=\"page\">\n\t\t\t\t\t\t<section class=\"elementor-section elementor-top-section elementor-element elementor-element-7ce7941 elementor-section-boxed elementor-section-height-default elementor-section-height-default\" data-id=\"7ce7941\" data-element_type=\"section\" data-e-type=\"section\">\n\t\t\t\t\t\t<div class=\"elementor-container elementor-column-gap-default\">\n\t\t\t\t\t<div class=\"elementor-column elementor-col-100 elementor-top-column elementor-element elementor-element-c4ce0e6\" data-id=\"c4ce0e6\" data-element_type=\"column\" data-e-type=\"column\">\n\t\t\t<div class=\"elementor-widget-wrap elementor-element-populated\">\n\t\t\t\t\t\t<div class=\"elementor-element elementor-element-ffea5ff elementor-widget elementor-widget-spacer\" data-id=\"ffea5ff\" data-element_type=\"widget\" data-e-type=\"widget\" data-widget_type=\"spacer.default\">\n\t\t\t\t<div class=\"elementor-widget-container\">\n\t\t\t\t\t\t\t<div class=\"elementor-spacer\">\n\t\t\t<div class=\"elementor-spacer-inner\"><\/div>\n\t\t<\/div>\n\t\t\t\t\t\t<\/div>\n\t\t\t\t<\/div>\n\t\t\t\t<div class=\"elementor-element elementor-element-b359d2d elementor-widget elementor-widget-heading\" data-id=\"b359d2d\" data-element_type=\"widget\" data-e-type=\"widget\" data-widget_type=\"heading.default\">\n\t\t\t\t<div class=\"elementor-widget-container\">\n\t\t\t\t\t<h1 class=\"elementor-heading-title elementor-size-default\">Consejo Asesor Acad\u00e9mico<\/h1>\t\t\t\t<\/div>\n\t\t\t\t<\/div>\n\t\t\t\t\t<\/div>\n\t\t<\/div>\n\t\t\t\t\t<\/div>\n\t\t<\/section>\n\t\t\t\t<section class=\"elementor-section elementor-top-section elementor-element elementor-element-e5b38dc elementor-section-boxed elementor-section-height-default elementor-section-height-default\" data-id=\"e5b38dc\" data-element_type=\"section\" data-e-type=\"section\">\n\t\t\t\t\t\t<div class=\"elementor-container elementor-column-gap-default\">\n\t\t\t\t\t<div class=\"elementor-column elementor-col-100 elementor-top-column elementor-element elementor-element-f073418\" data-id=\"f073418\" data-element_type=\"column\" data-e-type=\"column\">\n\t\t\t<div class=\"elementor-widget-wrap elementor-element-populated\">\n\t\t\t\t\t\t<div class=\"elementor-element elementor-element-31074eb elementor-widget elementor-widget-spacer\" data-id=\"31074eb\" data-element_type=\"widget\" data-e-type=\"widget\" data-widget_type=\"spacer.default\">\n\t\t\t\t<div class=\"elementor-widget-container\">\n\t\t\t\t\t\t\t<div class=\"elementor-spacer\">\n\t\t\t<div class=\"elementor-spacer-inner\"><\/div>\n\t\t<\/div>\n\t\t\t\t\t\t<\/div>\n\t\t\t\t<\/div>\n\t\t\t\t\t<\/div>\n\t\t<\/div>\n\t\t\t\t\t<\/div>\n\t\t<\/section>\n\t\t\t\t<section class=\"elementor-section elementor-top-section elementor-element elementor-element-8f09019 elementor-section-boxed elementor-section-height-default elementor-section-height-default\" data-id=\"8f09019\" data-element_type=\"section\" data-e-type=\"section\">\n\t\t\t\t\t\t<div class=\"elementor-container elementor-column-gap-default\">\n\t\t\t\t\t<div class=\"elementor-column elementor-col-100 elementor-top-column elementor-element elementor-element-05fa348\" data-id=\"05fa348\" data-element_type=\"column\" data-e-type=\"column\">\n\t\t\t<div class=\"elementor-widget-wrap elementor-element-populated\">\n\t\t\t\t\t\t<div class=\"elementor-element elementor-element-d7fd0a2 elementor-widget__width-initial elementor-widget elementor-widget-foxiz-authors-1\" data-id=\"d7fd0a2\" data-element_type=\"widget\" data-e-type=\"widget\" data-widget_type=\"foxiz-authors-1.default\">\n\t\t\t\t<div class=\"elementor-widget-container\">\n\t\t\t\t\t<div id=\"uid_d7fd0a2\" class=\"block-wrap block-authors block-authors-1 is-box-shadow rb-columns rb-col-2 is-gap-20 meta-s-default\">\t\t<div class=\"block-inner\">\r\n\t\t\t\t\t<div class=\"a-card a-card-1\">\r\n\t\t\t<div class=\"a-card-inner box-inner\">\r\n\t\t\t\t<div class=\"a-card-content\">\r\n\t\t\t\t\t<div class=\"a-card-name\">\r\n\t\t\t\t\t\t<a class=\"h4 nice-name\" href=\"https:\/\/politicsrights.com\/es\/author\/yves-charles-zarka\/\">Yves Charles Zarka<\/a>\r\n\t\t\t\t\t\t\t\t\t\t\t<\/div>\r\n\t\t\t\t\t<div class=\"description-text rb-text\">\r\n\t\t\t\t\tProfesor Em\u00e9rito de Filosof\u00eda Pol\u00edtica en la Sorbona (Universit\u00e9 Paris Descartes) y editor general de \"Obras de Hobbes\" (Vrin), Yves Charles Zarka es el fundador y director de la revista Cit\u00e9s. Tambi\u00e9n ocupa cargos como Profesor Global en la Universidad de Pek\u00edn y como profesor visitante tanto en la Universidad Ca' Foscari de Venecia como en la Universidad de Roma La Sapienza. Premiado por la Acad\u00e9mie des sciences morales et politiques, su trabajo profundiza en la filosof\u00eda contempor\u00e1nea, la epistemolog\u00eda de las ciencias sociales y la ciencia pol\u00edtica. Tiene un gran inter\u00e9s en la democracia, los problemas medioambientales y las ideas cosmopol\u00edticas.\t\t\t\t\t\t<\/div>\r\n\t\t\t\t\t\t\t\t\t<\/div>\r\n\t\t\t\t<div class=\"a-card-feat\">\r\n\t\t\t\t\t<a href=\"https:\/\/politicsrights.com\/es\/author\/yves-charles-zarka\/\">\r\n\t\t\t\t\t<img alt='' src='https:\/\/politicsrights.com\/wp-content\/uploads\/2024\/01\/Yves-Charles-Zarka.webp' srcset='https:\/\/politicsrights.com\/wp-content\/uploads\/2024\/01\/Yves-Charles-Zarka.webp 2x' class='avatar avatar-400 photo avatar-default' height='400' width='400' \/>\t\t\t\t\t\t<\/a>\r\n\t\t\t\t\t\t\t\t\t<\/div>\r\n\t\t\t<\/div>\r\n\t\t<\/div>\r\n\t\t\t\t<div class=\"a-card a-card-1\">\r\n\t\t\t<div class=\"a-card-inner box-inner\">\r\n\t\t\t\t<div class=\"a-card-content\">\r\n\t\t\t\t\t<div class=\"a-card-name\">\r\n\t\t\t\t\t\t<a class=\"h4 nice-name\" href=\"https:\/\/politicsrights.com\/es\/author\/solange-lefebvre\/\">Solange Lefebvre<\/a>\r\n\t\t\t\t\t\t\t\t\t\t\t<\/div>\r\n\t\t\t\t\t<div class=\"description-text rb-text\">\r\n\t\t\t\t\tProfesora Titular en el Instituto de Estudios Religiosos de la Universidad de Montreal, Solange Lefebvre es directora del Centro de Investigaci\u00f3n Interdisciplinario sobre Religiones y Espiritualidades. Ocupa la C\u00e1tedra en Gesti\u00f3n de la Diversidad Cultural y Religiosa y tambi\u00e9n es co-titular de la C\u00e1tedra de Investigaci\u00f3n Francia-Quebec sobre Cuestiones Contempor\u00e1neas de la Libertad de Expresi\u00f3n. Su trabajo, situado en la intersecci\u00f3n de la sociolog\u00eda, la ciencia pol\u00edtica y la teolog\u00eda, se centra en las relaciones \u00e9tnicas e interculturales, la gesti\u00f3n de la diversidad etnorreligiosa y los contextos pol\u00edticos de las transformaciones sociales.\t\t\t\t\t\t<\/div>\r\n\t\t\t\t\t\t\t\t\t<\/div>\r\n\t\t\t\t<div class=\"a-card-feat\">\r\n\t\t\t\t\t<a href=\"https:\/\/politicsrights.com\/es\/author\/solange-lefebvre\/\">\r\n\t\t\t\t\t<img alt='' src='https:\/\/politicsrights.com\/wp-content\/uploads\/2024\/01\/Lefebvre_Solange-_1_.webp' srcset='https:\/\/politicsrights.com\/wp-content\/uploads\/2024\/01\/Lefebvre_Solange-_1_.webp 2x' class='avatar avatar-400 photo avatar-default' height='400' width='400' \/>\t\t\t\t\t\t<\/a>\r\n\t\t\t\t\t\t\t\t\t<\/div>\r\n\t\t\t<\/div>\r\n\t\t<\/div>\r\n\t\t\t\t<div class=\"a-card a-card-1\">\r\n\t\t\t<div class=\"a-card-inner box-inner\">\r\n\t\t\t\t<div class=\"a-card-content\">\r\n\t\t\t\t\t<div class=\"a-card-name\">\r\n\t\t\t\t\t\t<a class=\"h4 nice-name\" href=\"https:\/\/politicsrights.com\/es\/author\/maleiha-malik\/\">Maleiha Malik<\/a>\r\n\t\t\t\t\t\t\t\t\t\t\t<\/div>\r\n\t\t\t\t\t<div class=\"description-text rb-text\">\r\n\t\t\t\t\tFormada en la Universidad de Oxford y de la Universidad de Londres, Maleiha Malik es Profesora de Derecho en King's College London. Experta en Jurisprudencia y Teor\u00eda Legal, su investigaci\u00f3n se enfoca principalmente en la teor\u00eda y pr\u00e1ctica del derecho antidiscriminatorio, as\u00ed como en la protecci\u00f3n de minor\u00edas y teor\u00eda feminista. Las publicaciones extensas de Malik en estos campos han contribuido significativamente a la erudici\u00f3n legal. Ha asesorado al Ministerio del Interior del Reino Unido y al Ministerio de Justicia en reformas legales. Adem\u00e1s, Malik sirve como Directora Ejecutiva de Protect Education in Insecurity and Conflict (PEIC), un proyecto de Education Above All (EAA).\t\t\t\t\t\t<\/div>\r\n\t\t\t\t\t\t\t\t\t<\/div>\r\n\t\t\t\t<div class=\"a-card-feat\">\r\n\t\t\t\t\t<a href=\"https:\/\/politicsrights.com\/es\/author\/maleiha-malik\/\">\r\n\t\t\t\t\t<img alt='' src='https:\/\/politicsrights.com\/wp-content\/uploads\/2024\/01\/Malik.webp' srcset='https:\/\/politicsrights.com\/wp-content\/uploads\/2024\/01\/Malik.webp 2x' class='avatar avatar-400 photo avatar-default' height='400' width='400' \/>\t\t\t\t\t\t<\/a>\r\n\t\t\t\t\t\t\t\t\t<\/div>\r\n\t\t\t<\/div>\r\n\t\t<\/div>\r\n\t\t\t\t<div class=\"a-card a-card-1\">\r\n\t\t\t<div class=\"a-card-inner box-inner\">\r\n\t\t\t\t<div class=\"a-card-content\">\r\n\t\t\t\t\t<div class=\"a-card-name\">\r\n\t\t\t\t\t\t<a class=\"h4 nice-name\" href=\"https:\/\/politicsrights.com\/es\/author\/eugenia-relano-pastor\/\">Eugenia Rela\u00f1o Pastor<\/a>\r\n\t\t\t\t\t\t\t\t\t\t\t<\/div>\r\n\t\t\t\t\t<div class=\"description-text rb-text\">\r\n\t\t\t\t\tProfesora titular de Derecho en la Universidad Complutense de Madrid e Investigadora Principal en el Departamento de Derecho y Antropolog\u00eda del Instituto Max Planck para la Antropolog\u00eda Social. Ha sido profesora visitante en la Universidad de Oxford, la Universidad de Harvard y la Universidad de California. Su investigaci\u00f3n se centra en las minor\u00edas religiosas, la no discriminaci\u00f3n, la igualdad, la dignidad humana, la diversidad religiosa en Europa, la inmigraci\u00f3n, la integraci\u00f3n, el multiculturalismo, los derechos fundamentales y la islamofobia.\t\t\t\t\t\t<\/div>\r\n\t\t\t\t\t\t\t\t\t<\/div>\r\n\t\t\t\t<div class=\"a-card-feat\">\r\n\t\t\t\t\t<a href=\"https:\/\/politicsrights.com\/es\/author\/eugenia-relano-pastor\/\">\r\n\t\t\t\t\t<img alt='' src='https:\/\/politicsrights.com\/wp-content\/uploads\/2024\/01\/Eugenia-Relano-Pastor.webp' srcset='https:\/\/politicsrights.com\/wp-content\/uploads\/2024\/01\/Eugenia-Relano-Pastor.webp 2x' class='avatar avatar-400 photo avatar-default' height='400' width='400' \/>\t\t\t\t\t\t<\/a>\r\n\t\t\t\t\t\t\t\t\t<\/div>\r\n\t\t\t<\/div>\r\n\t\t<\/div>\r\n\t\t\t\t<div class=\"a-card a-card-1\">\r\n\t\t\t<div class=\"a-card-inner box-inner\">\r\n\t\t\t\t<div class=\"a-card-content\">\r\n\t\t\t\t\t<div class=\"a-card-name\">\r\n\t\t\t\t\t\t<a class=\"h4 nice-name\" href=\"https:\/\/politicsrights.com\/es\/author\/patrice-brodeur\/\">Patrice Brodeur<\/a>\r\n\t\t\t\t\t\t\t\t\t\t\t<\/div>\r\n\t\t\t\t\t<div class=\"description-text rb-text\">\r\n\t\t\t\t\tDoctorado en la Universidad de Harvard, Patrice Brodeur es Profesor Asociado en el Instituto de Estudios Religiosos dentro de la Facultad de Artes y Ciencias de la Universidad de Montreal. Tambi\u00e9n se desempe\u00f1a como Asesor Principal en el Centro Internacional para el Di\u00e1logo Interreligioso e Intercultural (KAICIID) en Viena, Austria. Su investigaci\u00f3n se centra principalmente en las religiones monote\u00edstas, con un \u00e9nfasis especial en el Islam contempor\u00e1neo y el di\u00e1logo interreligioso.\t\t\t\t\t\t<\/div>\r\n\t\t\t\t\t\t\t\t\t<\/div>\r\n\t\t\t\t<div class=\"a-card-feat\">\r\n\t\t\t\t\t<a href=\"https:\/\/politicsrights.com\/es\/author\/patrice-brodeur\/\">\r\n\t\t\t\t\t<img alt='' src='https:\/\/politicsrights.com\/wp-content\/uploads\/2024\/01\/patrice-brodeur-photo-836x1024-_1_-_1_.webp' srcset='https:\/\/politicsrights.com\/wp-content\/uploads\/2024\/01\/patrice-brodeur-photo-836x1024-_1_-_1_.webp 2x' class='avatar avatar-400 photo avatar-default' height='400' width='400' \/>\t\t\t\t\t\t<\/a>\r\n\t\t\t\t\t\t\t\t\t<\/div>\r\n\t\t\t<\/div>\r\n\t\t<\/div>\r\n\t\t\t\t<div class=\"a-card a-card-1\">\r\n\t\t\t<div class=\"a-card-inner box-inner\">\r\n\t\t\t\t<div class=\"a-card-content\">\r\n\t\t\t\t\t<div class=\"a-card-name\">\r\n\t\t\t\t\t\t<a class=\"h4 nice-name\" href=\"https:\/\/politicsrights.com\/es\/author\/masaaki-higashijima\/\">Masaaki Higashijima<\/a>\r\n\t\t\t\t\t\t\t\t\t\t\t\t\t<span class=\"a-card-count is-meta\">\r\n\t\t\t\t\t\t\t1 Article\t\t\t\t\t\t\t\t<\/span>\r\n\t\t\t\t\t\t\t\t\t\t\t<\/div>\r\n\t\t\t\t\t<div class=\"description-text rb-text\">\r\n\t\t\t\t\tAssociate Professor of Comparative Politics at the Institute of Social Science, University of Tokyo. His research interests include comparative political economy, autocratic politics, democratization, and Central Asia. His first book, <em>The Dictator\u2019s Dilemma at the Ballot Box<\/em> (University of Michigan Press, 2022) received several academic awards. He earned a Ph.D. in Political Science at Michigan State University. \t\t\t\t\t\t<\/div>\r\n\t\t\t\t\t\t\t\t\t<\/div>\r\n\t\t\t\t<div class=\"a-card-feat\">\r\n\t\t\t\t\t<a href=\"https:\/\/politicsrights.com\/es\/author\/masaaki-higashijima\/\">\r\n\t\t\t\t\t<img alt='' src='https:\/\/politicsrights.com\/wp-content\/uploads\/2024\/01\/higashijima-bw-_1_-_1_.webp' srcset='https:\/\/politicsrights.com\/wp-content\/uploads\/2024\/01\/higashijima-bw-_1_-_1_.webp 2x' class='avatar avatar-400 photo avatar-default' height='400' width='400' \/>\t\t\t\t\t\t<\/a>\r\n\t\t\t\t\t\t\t\t\t<\/div>\r\n\t\t\t<\/div>\r\n\t\t<\/div>\r\n\t\t\t\t<div class=\"a-card a-card-1\">\r\n\t\t\t<div class=\"a-card-inner box-inner\">\r\n\t\t\t\t<div class=\"a-card-content\">\r\n\t\t\t\t\t<div class=\"a-card-name\">\r\n\t\t\t\t\t\t<a class=\"h4 nice-name\" href=\"https:\/\/politicsrights.com\/es\/author\/majela-guzman\/\">Majela Guzman<\/a>\r\n\t\t\t\t\t\t\t\t\t\t\t<\/div>\r\n\t\t\t\t\t<div class=\"description-text rb-text\">\r\n\t\t\t\t\tEspecializada en alfabetizaci\u00f3n informacional cr\u00edtica y el uso de IA generativa en el \u00e1mbito acad\u00e9mico, Majela Guzman trabaja como bibliotecaria de investigaci\u00f3n en Ciencias Sociales en la Universidad de Ottawa. Ella es la bibliotecaria de enlace para los programas de Estudios Pol\u00edticos, Asuntos P\u00fablicos e Internacionales, Desarrollo Internacional y Econom\u00eda.\t\t\t\t\t\t<\/div>\r\n\t\t\t\t\t\t\t\t\t<\/div>\r\n\t\t\t\t<div class=\"a-card-feat\">\r\n\t\t\t\t\t<a href=\"https:\/\/politicsrights.com\/es\/author\/majela-guzman\/\">\r\n\t\t\t\t\t<img alt='' src='https:\/\/politicsrights.com\/wp-content\/uploads\/2024\/01\/Majela-2-_1_-_1_-1.webp' srcset='https:\/\/politicsrights.com\/wp-content\/uploads\/2024\/01\/Majela-2-_1_-_1_-1.webp 2x' class='avatar avatar-400 photo avatar-default' height='400' width='400' \/>\t\t\t\t\t\t<\/a>\r\n\t\t\t\t\t\t\t\t\t<\/div>\r\n\t\t\t<\/div>\r\n\t\t<\/div>\r\n\t\t\t\t<div class=\"a-card a-card-1\">\r\n\t\t\t<div class=\"a-card-inner box-inner\">\r\n\t\t\t\t<div class=\"a-card-content\">\r\n\t\t\t\t\t<div class=\"a-card-name\">\r\n\t\t\t\t\t\t<a class=\"h4 nice-name\" href=\"https:\/\/politicsrights.com\/es\/author\/nathan-alexander\/\">Nathan Alexander<\/a>\r\n\t\t\t\t\t\t\t\t\t\t\t<\/div>\r\n\t\t\t\t\t<div class=\"description-text rb-text\">\r\n\t\t\t\t\tProfesor de historia en la Universidad de Ottawa y autor de \"Race in a Godless World: Atheism, Race, and Civilization, 1850-1914\" (publicado por NYU Press y Manchester University Press). Nathan Alexander tiene un doctorado en historia moderna de la Universidad de St Andrews en Escocia.\t\t\t\t\t\t<\/div>\r\n\t\t\t\t\t\t\t\t\t<\/div>\r\n\t\t\t\t<div class=\"a-card-feat\">\r\n\t\t\t\t\t<a href=\"https:\/\/politicsrights.com\/es\/author\/nathan-alexander\/\">\r\n\t\t\t\t\t<img alt='' src='https:\/\/politicsrights.com\/wp-content\/uploads\/2024\/01\/Nathan-Alexander.webp' srcset='https:\/\/politicsrights.com\/wp-content\/uploads\/2024\/01\/Nathan-Alexander.webp 2x' class='avatar avatar-400 photo avatar-default' height='400' width='400' \/>\t\t\t\t\t\t<\/a>\r\n\t\t\t\t\t\t\t\t\t<\/div>\r\n\t\t\t<\/div>\r\n\t\t<\/div>\r\n\t\t\t\t<\/div>\r\n\t\t<\/div>\t\t\t\t<\/div>\n\t\t\t\t<\/div>\n\t\t\t\t\t<\/div>\n\t\t<\/div>\n\t\t\t\t\t<\/div>\n\t\t<\/section>\n\t\t\t\t<section class=\"elementor-section elementor-top-section elementor-element elementor-element-2b8b456 elementor-section-boxed elementor-section-height-default elementor-section-height-default\" data-id=\"2b8b456\" data-element_type=\"section\" data-e-type=\"section\">\n\t\t\t\t\t\t<div class=\"elementor-container elementor-column-gap-default\">\n\t\t\t\t\t<div class=\"elementor-column elementor-col-100 elementor-top-column elementor-element elementor-element-0ea969b\" data-id=\"0ea969b\" data-element_type=\"column\" data-e-type=\"column\">\n\t\t\t<div class=\"elementor-widget-wrap elementor-element-populated\">\n\t\t\t\t\t\t<div class=\"elementor-element elementor-element-08c2691 elementor-widget elementor-widget-spacer\" data-id=\"08c2691\" data-element_type=\"widget\" data-e-type=\"widget\" data-widget_type=\"spacer.default\">\n\t\t\t\t<div class=\"elementor-widget-container\">\n\t\t\t\t\t\t\t<div class=\"elementor-spacer\">\n\t\t\t<div class=\"elementor-spacer-inner\"><\/div>\n\t\t<\/div>\n\t\t\t\t\t\t<\/div>\n\t\t\t\t<\/div>\n\t\t\t\t\t<\/div>\n\t\t<\/div>\n\t\t\t\t\t<\/div>\n\t\t<\/section>\n\t\t\t\t<\/div>","protected":false},"excerpt":{"rendered":"<p>Academic Advisory Board Yves Charles Zarka Professor Emeritus of Political Philosophy at the Sorbonne (Universit\u00e9 Paris Descartes) and general editor of &#8220;Oeuvres de Hobbes&#8221; (Vrin), Yves Charles Zarka, is the founder and director of the journal Cit\u00e9s. He also holds positions as a Global Professor at Peking University and as a visiting professor at both [&hellip;]<\/p>\n","protected":false},"author":1,"featured_media":0,"parent":0,"menu_order":0,"comment_status":"closed","ping_status":"closed","template":"","meta":{"iawp_total_views":504,"footnotes":""},"ppma_author":[59],"class_list":["post-8091","page","type-page","status-publish"],"pp_statuses_selecting_workflow":false,"pp_workflow_action":"current","pp_status_selection":"publish","_links":{"self":[{"href":"https:\/\/politicsrights.com\/es\/wp-json\/wp\/v2\/pages\/8091","targetHints":{"allow":["GET"]}}],"collection":[{"href":"https:\/\/politicsrights.com\/es\/wp-json\/wp\/v2\/pages"}],"about":[{"href":"https:\/\/politicsrights.com\/es\/wp-json\/wp\/v2\/types\/page"}],"author":[{"embeddable":true,"href":"https:\/\/politicsrights.com\/es\/wp-json\/wp\/v2\/users\/1"}],"replies":[{"embeddable":true,"href":"https:\/\/politicsrights.com\/es\/wp-json\/wp\/v2\/comments?post=8091"}],"version-history":[{"count":0,"href":"https:\/\/politicsrights.com\/es\/wp-json\/wp\/v2\/pages\/8091\/revisions"}],"wp:attachment":[{"href":"https:\/\/politicsrights.com\/es\/wp-json\/wp\/v2\/media?parent=8091"}],"wp:term":[{"taxonomy":"author","embeddable":true,"href":"https:\/\/politicsrights.com\/es\/wp-json\/wp\/v2\/ppma_author?post=8091"}],"curies":[{"name":"wp","href":"https:\/\/api.w.org\/{rel}","templated":true}]}}