{"id":2869,"date":"2023-08-21T19:58:46","date_gmt":"2023-08-21T19:58:46","guid":{"rendered":"https:\/\/politicsrights.com\/?page_id=2869"},"modified":"2024-11-27T03:49:43","modified_gmt":"2024-11-26T17:49:43","slug":"terms-and-conditions","status":"publish","type":"page","link":"https:\/\/politicsrights.com\/fr\/terms-and-conditions\/","title":{"rendered":"Conditions G\u00e9n\u00e9rales"},"content":{"rendered":"<p class=\"translation-block\">1. <strong>Acceptation des conditions<\/strong> : En acc\u00e9dant et en utilisant Politique et Droits Review (\u00ab le Site \u00bb), vous acceptez de vous conformer \u00e0 ces Conditions G\u00e9n\u00e9rales. Si vous n'acceptez pas ces conditions, veuillez ne pas utiliser le Site.<\/p>\n\n\n\n<p class=\"translation-block\">2. <strong>Contenu et Licences<\/strong> : Le contenu du Site est sous licence Creative Commons Attribution-NonCommercial-NoDerivs (CC BY-NC-ND), sauf indication contraire. Cette licence autorise le partage de l'\u0153uvre originale, mais avec une attribution appropri\u00e9e et uniquement \u00e0 des fins non commerciales. Aucune \u0153uvre d\u00e9riv\u00e9e ne peut \u00eatre cr\u00e9\u00e9e \u00e0 partir de l'\u0153uvre originale. Des articles individuels peuvent avoir des licences sp\u00e9cifiques, et la licence applicable sera indiqu\u00e9e sur la page de l'article correspondant.<\/p>\n\n\n\n<p class=\"translation-block\">3. <strong>Contributions des Utilisateurs<\/strong> : Les utilisateurs sont encourag\u00e9s \u00e0 contribuer du contenu conform\u00e9ment \u00e0 la mission et au focus du Site. En soumettant du contenu, vous accordez au Site une licence non exclusive, gratuite et perp\u00e9tuelle pour utiliser, reproduire et distribuer le contenu conform\u00e9ment \u00e0 la licence Creative Commons applicable.<\/p>\n\n\n\n<p class=\"translation-block\">4. <strong>Restrictions<\/strong>: Vous ne pouvez pas utiliser le Site \u00e0 des fins ill\u00e9gales ni de quelque mani\u00e8re que ce soit en violation de ces Conditions G\u00e9n\u00e9rales. Vous ne pouvez pas reproduire, redistribuer ou exploiter commercialement le contenu sans une attribution appropri\u00e9e et en respectant la licence Creative Commons applicable.<\/p>\n\n\n\n<p class=\"translation-block\">5. <strong>Clause de non-responsabilit\u00e9<\/strong>: Le Site fournit du contenu \u00e0 des fins informatives et \u00e9ducatives uniquement. Bien que nous nous efforcions d'assurer l'exactitude, nous ne garantissons pas l'exhaustivit\u00e9, la fiabilit\u00e9 ou la ponctualit\u00e9 des informations. Le Site n'est pas responsable des d\u00e9cisions prises sur la base du contenu.<\/p>\n\n\n\n<p class=\"translation-block\">6. <strong>Limitation de responsabilit\u00e9<\/strong>: Le Site ne sera pas responsable des dommages directs, indirects, accessoires ou cons\u00e9cutifs r\u00e9sultant de l'utilisation du Site ou de son incapacit\u00e9 \u00e0 l'utiliser, ou de son contenu.<\/p>\n\n\n\n<p class=\"translation-block\">7. <strong>Changements aux conditions<\/strong>: Nous nous r\u00e9servons le droit de modifier ces Conditions d'utilisation \u00e0 tout moment sans pr\u00e9avis. L'utilisation continue du Site constitue l'acceptation des conditions modifi\u00e9es.<\/p>\n\n\n\n<p class=\"translation-block\">8. <strong>Loi Applicable<\/strong>: Les pr\u00e9sentes Conditions d'utilisation seront r\u00e9gies et interpr\u00e9t\u00e9es conform\u00e9ment aux lois de la juridiction dans laquelle le Site op\u00e8re.<\/p>\n\n\n\n<p class=\"translation-block\">9. <strong>Contact<\/strong>: Pour toute question ou pr\u00e9occupation concernant ces Conditions g\u00e9n\u00e9rales, veuillez <a href=\"mailto:editorial@politicsrights.com\" target=\"_self\">nous contacter<\/a>.<\/p>\n\n\n\n<p><\/p>","protected":false},"excerpt":{"rendered":"<p>1. Acceptance of Terms: By accessing and using Politics and Rights Review (\u201cthe Site\u201d), you agree to comply with and be bound by these Terms and Conditions. If you do not agree to these terms, please do not use the Site. 2. Content and Licensing: The content on the Site is licensed under a Creative [&hellip;]<\/p>\n","protected":false},"author":1,"featured_media":0,"parent":0,"menu_order":0,"comment_status":"closed","ping_status":"closed","template":"","meta":{"iawp_total_views":43,"footnotes":""},"ppma_author":[59],"class_list":["post-2869","page","type-page","status-publish"],"pp_statuses_selecting_workflow":false,"pp_workflow_action":"current","pp_status_selection":"publish","_links":{"self":[{"href":"https:\/\/politicsrights.com\/fr\/wp-json\/wp\/v2\/pages\/2869","targetHints":{"allow":["GET"]}}],"collection":[{"href":"https:\/\/politicsrights.com\/fr\/wp-json\/wp\/v2\/pages"}],"about":[{"href":"https:\/\/politicsrights.com\/fr\/wp-json\/wp\/v2\/types\/page"}],"author":[{"embeddable":true,"href":"https:\/\/politicsrights.com\/fr\/wp-json\/wp\/v2\/users\/1"}],"replies":[{"embeddable":true,"href":"https:\/\/politicsrights.com\/fr\/wp-json\/wp\/v2\/comments?post=2869"}],"version-history":[{"count":0,"href":"https:\/\/politicsrights.com\/fr\/wp-json\/wp\/v2\/pages\/2869\/revisions"}],"wp:attachment":[{"href":"https:\/\/politicsrights.com\/fr\/wp-json\/wp\/v2\/media?parent=2869"}],"wp:term":[{"taxonomy":"author","embeddable":true,"href":"https:\/\/politicsrights.com\/fr\/wp-json\/wp\/v2\/ppma_author?post=2869"}],"curies":[{"name":"wp","href":"https:\/\/api.w.org\/{rel}","templated":true}]}}