{"id":2875,"date":"2023-08-21T20:11:14","date_gmt":"2023-08-21T20:11:14","guid":{"rendered":"https:\/\/politicsrights.com\/?page_id=2875"},"modified":"2026-01-12T03:27:30","modified_gmt":"2026-01-11T20:57:30","slug":"guidelines-for-authors","status":"publish","type":"page","link":"https:\/\/politicsrights.com\/fr\/guidelines-for-authors\/","title":{"rendered":"Directives pour les auteurs"},"content":{"rendered":"<p class=\"translation-block\">En <em>Politics and Rights Review<\/em>, nous accueillons les contributions qui refl\u00e8tent une pens\u00e9e originale et des perspectives critiques sur les enjeux politiques et sociaux. Notre mission est de favoriser un dialogue acad\u00e9mique de qualit\u00e9, accessible et interdisciplinaire, tout en comblant le foss\u00e9 entre la recherche universitaire et le d\u00e9bat public.<\/p>\n\n\n\n<p class=\"translation-block\">Nous nous engageons \u00e0 rendre les id\u00e9es complexes intelligibles au-del\u00e0 de la sph\u00e8re acad\u00e9mique, \u00e0 promouvoir l\u2019\u00e9ducation citoyenne et \u00e0 encourager une r\u00e9flexion critique sur les grands enjeux de notre \u00e9poque. Dans cet esprit, <em>Politics and Rights Review<\/em> se veut une plateforme o\u00f9 la rigueur acad\u00e9mique rencontre l\u2019engagement civique.<\/p>\n\n\n\n<p>Notre contenu \u00e9ditorial repose principalement sur des contributions sur invitation, ce qui nous permet de pr\u00e9server une coh\u00e9rence th\u00e9matique et une ligne \u00e9ditoriale claire. Nous acceptons \u00e9galement les soumissions non sollicit\u00e9es, \u00e0 condition que les auteurs indiquent leur disposition \u00e0 s\u2019acquitter de frais de publication mod\u00e9r\u00e9s de 150 USD, exigibles uniquement en cas d\u2019acceptation. Cette contribution permet de couvrir les co\u00fbts li\u00e9s \u00e0 la r\u00e9vision linguistique, au travail \u00e9ditorial, \u00e0 la traduction dans deux langues, \u00e0 la publication et \u00e0 la diffusion sur les r\u00e9seaux sociaux, garantissant ainsi une pr\u00e9sentation professionnelle et une large visibilit\u00e9 du travail publi\u00e9. Veuillez noter que les soumissions non sollicit\u00e9es ne r\u00e9pondant pas \u00e0 l\u2019une ou l\u2019autre de ces conditions ne seront pas examin\u00e9es.<\/p>\n\n\n\n<p>Nous prions les auteurs de bien vouloir suivre les directives ci-dessous afin d\u2019assurer la conformit\u00e9 avec nos normes \u00e9ditoriales :<\/p>\n\n\n\n<p class=\"translation-block\"><strong>Originalit\u00e9 :<\/strong> Tous les articles doivent \u00eatre des travaux in\u00e9dits cr\u00e9\u00e9s sp\u00e9cifiquement pour <em>Politics and Rights Review<\/em>. Nous valorisons les perspectives nouvelles et la recherche originale.<\/p>\n\n\n\n<p class=\"translation-block\"><strong>Longueur :<\/strong> Les articles doivent compter entre 1 500 et 2 000 mots. Cependant, cette exigence est flexible ; des articles plus longs sont accept\u00e9s si n\u00e9cessaire.<\/p>\n\n\n\n<div class=\"wp-block-group\"><div class=\"wp-block-group__inner-container is-layout-constrained wp-block-group-is-layout-constrained\">\n<p class=\"translation-block\"><strong>Langue et lisibilit\u00e9 :<\/strong> \u00c9vitez les termes tr\u00e8s sp\u00e9cialis\u00e9s afin de rendre le contenu accessible aux experts comme au grand public.<\/p>\n\n\n\n<p class=\"translation-block\"><strong>Conformit\u00e9 avec nos politiques :<\/strong> Les soumissions doivent \u00eatre align\u00e9es avec la mission, les politiques et les conditions de <em>Politics and Rights Review<\/em>.<\/p>\n\n\n\n<p class=\"translation-block\"><strong>M\u00e9thode de soumission :<\/strong> Envoyez votre article par e-mail en cliquant <a href=\"mailto:editorial@politicsrights.com\" target=\"_self\">ici<\/a>.<\/p>\n\n\n\n<p class=\"translation-block\"><strong>D\u00e9lai de r\u00e9ponse :<\/strong> Si vous ne recevez pas de r\u00e9ponse dans les trois jours, vous \u00eates libre de soumettre votre article ailleurs.<\/p>\n\n\n\n<p class=\"translation-block\"><strong>Droits et licences :<\/strong> En soumettant votre article, vous acceptez nos <a href=\"https:\/\/politicsrights.com\/fr\/conditions-generales\/\" target=\"_self\">Conditions g\u00e9n\u00e9rales<\/a>.<\/p>\n\n\n\n<p class=\"translation-block\"><strong>Compensation :<\/strong> Nous n'offrons pas de compensation mon\u00e9taire pour les articles. Cependant, contribuer \u00e0 Politics and Rights Review offre l'opportunit\u00e9 d'atteindre un public large et engag\u00e9, de gagner en reconnaissance dans le domaine et de faire partie d'une communaut\u00e9 d\u00e9di\u00e9e \u00e0 la promotion de la compr\u00e9hension et de l'empathie en politique, en droits, et en justice sociale.<\/p>\n\n\n\n<p class=\"translation-block\"><strong>R\u00e9vision \u00e9ditoriale :<\/strong> Nous nous r\u00e9servons le droit de modifier les soumissions, y compris les titres et sous-titres, ou de remplacer le titre original par un nouveau afin d'assurer clart\u00e9 et conformit\u00e9 avec nos standards.<\/p>\n\n\n\n<h3 class=\"wp-block-heading\">Format et style :<\/h3>\n\n\n\n<h4 class=\"wp-block-heading\">Nombre de mots<\/h4>\n\n\n\n<ul class=\"wp-block-list\">\n<li>Utilisez des paragraphes courts de 40 \u00e0 75 mots.<\/li>\n\n\n\n<li>Utilisez des hyperliens au lieu de r\u00e9f\u00e9rences auteur-date ou de bibliographies.<\/li>\n<\/ul>\n\n\n\n<h4 class=\"wp-block-heading\">Titre et sous-titres<\/h4>\n\n\n\n<ul class=\"wp-block-list\">\n<li>The title should not exceed 60 characters (<em>Politics and Rights Review<\/em>&nbsp;can suggest a title if necessary).<\/li>\n\n\n\n<li>Include subheadings every 300 words or less to improve readability (<em>Politics and Rights Review<\/em>&nbsp;can also assist with subheadings).<\/li>\n<\/ul>\n\n\n\n<h4 class=\"wp-block-heading\">Ton et style<\/h4>\n\n\n\n<ul class=\"wp-block-list\">\n<li>Adoptez un ton clair et engageant adapt\u00e9 \u00e0 un large public.<\/li>\n\n\n\n<li>Use active voice whenever possible.<\/li>\n<\/ul>\n\n\n\n<h4 class=\"wp-block-heading\">Format<\/h4>\n\n\n\n<ul class=\"wp-block-list\">\n<li>Utilisez une police standard et lisible comme Times New Roman ou Arial, taille 12 points.<\/li>\n\n\n\n<li>Alignez le texte \u00e0 gauche et utilisez un interligne de 1,5.<\/li>\n\n\n\n<li>Incorporez des puces ou des listes num\u00e9rot\u00e9es si n\u00e9cessaire pour plus de clart\u00e9.<\/li>\n<\/ul>\n<\/div><\/div>\n\n\n\n<div class=\"wp-block-group\"><div class=\"wp-block-group__inner-container is-layout-constrained wp-block-group-is-layout-constrained\">\n<h3 class=\"wp-block-heading\">D\u00e9tails de soumission :<\/h3>\n\n\n\n<p>Soumettez votre article sous forme de document Word. Avec l'article, incluez :<\/p>\n\n\n\n<ul class=\"wp-block-list\">\n<li class=\"translation-block\"><strong>Une br\u00e8ve biographie (50 mots max) :<\/strong> Incluez une courte description de votre parcours professionnel, de votre expertise et de vos r\u00e9alisations ou affiliations pertinentes \u00e0 votre soumission.<\/li>\n\n\n\n<li class=\"translation-block\"><strong>Une photo<\/strong> ou un lien vers un profil public contenant votre photo et les informations pertinentes.<\/li>\n<\/ul>\n\n\n\n<p class=\"translation-block\">Pour toute question ou information suppl\u00e9mentaire, veuillez <a href=\"mailto:editorial@politicsrights.com\" target=\"_self\">nous contacter<\/a>.<\/p>\n<\/div><\/div>","protected":false},"excerpt":{"rendered":"<p>At Politics and Rights Review, we welcome contributions that reflect original thinking and critical perspectives on political and social issues. Our mission is to foster accessible, high-quality academic dialogue across disciplines, while bridging the gap between scholarly research and broader public debate. We are committed to making complex ideas intelligible beyond the academic sphere, promoting [&hellip;]<\/p>\n","protected":false},"author":1,"featured_media":0,"parent":0,"menu_order":0,"comment_status":"closed","ping_status":"closed","template":"","meta":{"iawp_total_views":291,"footnotes":""},"ppma_author":[59],"class_list":["post-2875","page","type-page","status-publish"],"pp_statuses_selecting_workflow":false,"pp_workflow_action":"current","pp_status_selection":"publish","_links":{"self":[{"href":"https:\/\/politicsrights.com\/fr\/wp-json\/wp\/v2\/pages\/2875","targetHints":{"allow":["GET"]}}],"collection":[{"href":"https:\/\/politicsrights.com\/fr\/wp-json\/wp\/v2\/pages"}],"about":[{"href":"https:\/\/politicsrights.com\/fr\/wp-json\/wp\/v2\/types\/page"}],"author":[{"embeddable":true,"href":"https:\/\/politicsrights.com\/fr\/wp-json\/wp\/v2\/users\/1"}],"replies":[{"embeddable":true,"href":"https:\/\/politicsrights.com\/fr\/wp-json\/wp\/v2\/comments?post=2875"}],"version-history":[{"count":6,"href":"https:\/\/politicsrights.com\/fr\/wp-json\/wp\/v2\/pages\/2875\/revisions"}],"predecessor-version":[{"id":25086,"href":"https:\/\/politicsrights.com\/fr\/wp-json\/wp\/v2\/pages\/2875\/revisions\/25086"}],"wp:attachment":[{"href":"https:\/\/politicsrights.com\/fr\/wp-json\/wp\/v2\/media?parent=2875"}],"wp:term":[{"taxonomy":"author","embeddable":true,"href":"https:\/\/politicsrights.com\/fr\/wp-json\/wp\/v2\/ppma_author?post=2875"}],"curies":[{"name":"wp","href":"https:\/\/api.w.org\/{rel}","templated":true}]}}