{"id":3,"date":"2023-08-12T23:23:37","date_gmt":"2023-08-12T23:23:37","guid":{"rendered":"https:\/\/politicsrights.com\/?page_id=3"},"modified":"2024-04-29T21:11:03","modified_gmt":"2024-04-29T21:11:03","slug":"privacy-policy","status":"publish","type":"page","link":"https:\/\/politicsrights.com\/fr\/privacy-policy\/","title":{"rendered":"Politique de confidentialit\u00e9"},"content":{"rendered":"<p>Bienvenue sur Politics and Rights Review. Nous nous engageons \u00e0 prot\u00e9ger la vie priv\u00e9e de nos visiteurs. Cette politique d\u00e9crit comment nous collectons, utilisons et partageons les informations personnelles.<\/p>\n\n\n\n<p><strong>1. Informations que nous collectons:<\/strong><\/p>\n\n\n\n<ul class=\"wp-block-list\">\n<li class=\"translation-block\">Adresses e-mail : Nous collectons votre adresse e-mail lorsque vous vous abonnez \u00e0 notre newsletter. C'est la seule information personnelle que nous recueillons.<\/li>\n<\/ul>\n\n\n\n<p><strong>2. Utilisation des informations:<\/strong> Nous utilisons les adresses e-mail collect\u00e9es pour :<\/p>\n\n\n\n<ul class=\"wp-block-list\">\n<li>Envoyer nos bulletins d'information, qui peuvent inclure des mises \u00e0 jour, des nouvelles de nos services, et d'autres informations qui pourraient vous int\u00e9resser.<\/li>\n<\/ul>\n\n\n\n<p><strong>3. Partage de vos informations: <\/strong>Chez Politics and Rights Review, nous respectons votre vie priv\u00e9e et votre contr\u00f4le sur vos informations personnelles. Nous nous engageons \u00e0 ne pas vendre, louer, partager ou divulguer vos adresses e-mail \u00e0 des tiers \u00e0 des fins commerciales. La seule exception serait si nous y sommes contraints par la loi, comme en r\u00e9ponse \u00e0 une ordonnance judiciaire ou un processus l\u00e9gal similaire.<\/p>\n\n\n\n<p><strong>4. S\u00e9curit\u00e9<\/strong> Nous mettons en \u0153uvre des mesures de s\u00e9curit\u00e9 techniques et organisationnelles pour prot\u00e9ger votre adresse e-mail contre l'acc\u00e8s non autoris\u00e9, l'alt\u00e9ration, la divulgation ou la destruction.<\/p>\n\n\n\n<p><strong>5. Vos droits: <\/strong>En vertu des lois canadiennes sur la vie priv\u00e9e, vous avez le droit d'acc\u00e9der et de demander la suppression de votre adresse e-mail de nos dossiers. Vous pouvez exercer ces droits en nous contactant directement.<\/p>\n\n\n\n<p><strong>6. Modifications de cette politique<\/strong> Nous pouvons mettre \u00e0 jour notre Politique de Confidentialit\u00e9 de temps \u00e0 autre. Nous vous notifierons tout changement significatif et publierons la politique mise \u00e0 jour sur notre site.<\/p>\n\n\n\n<p><strong>Contact:<\/strong> Si vous avez des questions sur cette politique ou sur la fa\u00e7on dont nous g\u00e9rons votre adresse e-mail, n'h\u00e9sitez pas \u00e0 nous contacter via editorial@politicsrights.com<\/p>","protected":false},"excerpt":{"rendered":"<p>Welcome to Politics and Rights Review. We are committed to protecting the privacy of our visitors. This policy outlines how we collect, use, and share personal information. 1. Information We Collect 2. Use of Information: We use the email addresses collected to: 3. Sharing Your Information: At Politics and Rights Review, we respect your privacy [&hellip;]<\/p>\n","protected":false},"author":1,"featured_media":0,"parent":0,"menu_order":0,"comment_status":"closed","ping_status":"open","template":"","meta":{"iawp_total_views":164,"footnotes":""},"ppma_author":[59],"class_list":["post-3","page","type-page","status-publish"],"pp_statuses_selecting_workflow":false,"pp_workflow_action":"current","pp_status_selection":"publish","_links":{"self":[{"href":"https:\/\/politicsrights.com\/fr\/wp-json\/wp\/v2\/pages\/3","targetHints":{"allow":["GET"]}}],"collection":[{"href":"https:\/\/politicsrights.com\/fr\/wp-json\/wp\/v2\/pages"}],"about":[{"href":"https:\/\/politicsrights.com\/fr\/wp-json\/wp\/v2\/types\/page"}],"author":[{"embeddable":true,"href":"https:\/\/politicsrights.com\/fr\/wp-json\/wp\/v2\/users\/1"}],"replies":[{"embeddable":true,"href":"https:\/\/politicsrights.com\/fr\/wp-json\/wp\/v2\/comments?post=3"}],"version-history":[{"count":0,"href":"https:\/\/politicsrights.com\/fr\/wp-json\/wp\/v2\/pages\/3\/revisions"}],"wp:attachment":[{"href":"https:\/\/politicsrights.com\/fr\/wp-json\/wp\/v2\/media?parent=3"}],"wp:term":[{"taxonomy":"author","embeddable":true,"href":"https:\/\/politicsrights.com\/fr\/wp-json\/wp\/v2\/ppma_author?post=3"}],"curies":[{"name":"wp","href":"https:\/\/api.w.org\/{rel}","templated":true}]}}