{"id":3372,"date":"2023-08-29T15:04:08","date_gmt":"2023-08-29T15:04:08","guid":{"rendered":"https:\/\/politicsrights.com\/?page_id=3372"},"modified":"2024-11-10T06:15:14","modified_gmt":"2024-11-10T00:45:14","slug":"about","status":"publish","type":"page","link":"https:\/\/politicsrights.com\/fr\/about\/","title":{"rendered":"\u00c0 propos"},"content":{"rendered":"<div data-elementor-type=\"wp-page\" data-elementor-id=\"3372\" class=\"elementor elementor-3372\" data-elementor-post-type=\"page\">\n\t\t\t\t\t\t<section class=\"elementor-section elementor-top-section elementor-element elementor-element-25a94174 elementor-section-boxed elementor-section-height-default elementor-section-height-default\" data-id=\"25a94174\" data-element_type=\"section\" data-e-type=\"section\">\n\t\t\t\t\t\t<div class=\"elementor-container elementor-column-gap-default\">\n\t\t\t\t\t<div class=\"elementor-column elementor-col-100 elementor-top-column elementor-element elementor-element-58cc52d\" data-id=\"58cc52d\" data-element_type=\"column\" data-e-type=\"column\">\n\t\t\t<div class=\"elementor-widget-wrap elementor-element-populated\">\n\t\t\t\t\t\t<div class=\"elementor-element elementor-element-15bf085 elementor-widget elementor-widget-spacer\" data-id=\"15bf085\" data-element_type=\"widget\" data-e-type=\"widget\" data-widget_type=\"spacer.default\">\n\t\t\t\t<div class=\"elementor-widget-container\">\n\t\t\t\t\t\t\t<div class=\"elementor-spacer\">\n\t\t\t<div class=\"elementor-spacer-inner\"><\/div>\n\t\t<\/div>\n\t\t\t\t\t\t<\/div>\n\t\t\t\t<\/div>\n\t\t\t\t<div class=\"elementor-element elementor-element-81eec6c elementor-widget elementor-widget-heading\" data-id=\"81eec6c\" data-element_type=\"widget\" data-e-type=\"widget\" data-widget_type=\"heading.default\">\n\t\t\t\t<div class=\"elementor-widget-container\">\n\t\t\t\t\t<h1 class=\"elementor-heading-title elementor-size-default\"><span style=\"font-size: 16px;font-style: normal\"><b>Mobiliser les connaissances : une revue interdisciplinaire reliant le monde acad\u00e9mique et la soci\u00e9t\u00e9<\/b><\/span><\/h1>\t\t\t\t<\/div>\n\t\t\t\t<\/div>\n\t\t\t\t<div class=\"elementor-element elementor-element-2c621174 elementor-widget elementor-widget-text-editor\" data-id=\"2c621174\" data-element_type=\"widget\" data-e-type=\"widget\" data-widget_type=\"text-editor.default\">\n\t\t\t\t<div class=\"elementor-widget-container\">\n\t\t\t\t\t\t\t\t\t<p><\/p>\n<p class=\"translation-block\"><em>Politics and Rights Review<\/em>, bas\u00e9e \u00e0 Ottawa, Canada, relie les connaissances acad\u00e9miques \u00e0 la soci\u00e9t\u00e9, en synth\u00e9tisant clart\u00e9 et rigueur d'une mani\u00e8re qui s\u00e9duit \u00e0 la fois les publics acad\u00e9miques et non-acad\u00e9miques.<\/p>\n<p><\/p>\n<p><\/p>\n<p class=\"translation-block\"><strong>Engagement in\u00e9branlable envers la mobilisation des connaissances<\/strong> : <em>Politics and Rights Review<\/em> s'engage \u00e0 d\u00e9passer les fronti\u00e8res acad\u00e9miques traditionnelles, garantissant que les analyses savantes soient non seulement perspicaces, mais aussi en r\u00e9sonance avec des publics divers. Cet engagement envers la mobilisation des connaissances est essentiel pour favoriser un discours soci\u00e9tal inform\u00e9 et des prises de d\u00e9cision \u00e9clair\u00e9es.<\/p>\n<p><\/p>\n<p><\/p>\n<p class=\"translation-block\"><strong>Un carrefour interdisciplinaire et interg\u00e9n\u00e9rationnel<\/strong> : La revue s'\u00e9panouit gr\u00e2ce \u00e0 la diversit\u00e9 des pens\u00e9es et des perspectives, r\u00e9unissant des voix \u00e9mergentes et des universitaires \u00e9tablis de diverses disciplines. Cette riche tapisserie intellectuelle est essentielle pour cultiver des id\u00e9es novatrices et des analyses compl\u00e8tes qui r\u00e9pondent aux d\u00e9fis mondiaux complexes.<\/p>\n<p><\/p>\n<p><\/p>\n<p class=\"translation-block\"><strong>Publication trilingue pour un engagement mondial renforc\u00e9<\/strong> : <em>Politics and Rights Review<\/em>, publi\u00e9e en anglais, fran\u00e7ais et espagnol, d\u00e9fend la diversit\u00e9 linguistique dans le discours acad\u00e9mique. Cette approche trilingue ne concerne pas seulement une diffusion plus large ; c\u2019est un engagement envers l\u2019embrassement et l\u2019int\u00e9gration d'une multitude de perspectives culturelles et intellectuelles. En fournissant une plateforme pour les universitaires et les intellectuels dans ces sph\u00e8res linguistiques, la revue assure que les voix diverses ne sont pas seulement entendues, mais sont une partie int\u00e9grante du tissu de la communaut\u00e9 intellectuelle mondiale. Cette initiative abat les barri\u00e8res linguistiques, favorisant un \u00e9change d'id\u00e9es plus inclusif et \u00e9quitable, et faisant des progr\u00e8s significatifs vers une conversation v\u00e9ritablement mondiale dans les domaines de la politique et des droits.<\/p>\n<p><\/p>\n<p><\/p>\n<p class=\"translation-block\"><strong>\u00c9largir la port\u00e9e acad\u00e9mique avec des normes \u00e9thiques :<\/strong> <em>Politics and Rights Review<\/em> est \u00e0 l\u2019avant-garde pour rendre la litt\u00e9rature acad\u00e9mique complexe accessible \u00e0 un public plus large. Notre approche combine des revues de litt\u00e9rature compl\u00e8tes, des r\u00e9sum\u00e9s de contenu et des analyses de donn\u00e9es, en utilisant des technologies linguistiques avanc\u00e9es pour cr\u00e9er des briefs politiques d\u00e9taill\u00e9s. Ce processus nous permet de fournir des articles inclusifs, clairs, pr\u00e9cis et captivants, rigoureusement v\u00e9rifi\u00e9s et r\u00e9vis\u00e9s par des \u00e9diteurs humains, garantissant \u00e0 la fois pr\u00e9cision et qualit\u00e9.<\/p>\n<p><\/p>\n<p><\/p>\n<p class=\"translation-block\"><strong>Valeurs fondamentales de durabilit\u00e9, fiabilit\u00e9 et justice sociale<\/strong> : <em>Politics and Rights Review<\/em> s'appuie fermement sur les principes de durabilit\u00e9, de fiabilit\u00e9, de transparence et de rigueur acad\u00e9mique. Ces valeurs sont int\u00e9gr\u00e9es dans le tissu de notre publication, fa\u00e7onnant la mani\u00e8re dont nous abordons le contenu, interagissons avec les contributeurs et communiquons avec nos lecteurs.<\/p>\n<p><\/p>\n<p><\/p>\n<h2 class=\"wp-block-heading\"><strong>\u00c9crivez pour Politics and Rights Review<\/strong><\/h2>\n<div><strong>&nbsp;<\/strong><\/div>\n<p><\/p>\n<p><\/p>\n<p class=\"translation-block\">Si vous souhaitez \u00e9crire pour Politics and Rights Review, nous serions ravis d'examiner vos id\u00e9es. Nous recherchons des contributeurs capables de proposer des articles originaux, bien document\u00e9s et bien r\u00e9dig\u00e9s sur des sujets pertinents pour notre mission. Si vous souhaitez rejoindre notre \u00e9quipe de r\u00e9dacteurs, veuillez prendre connaissance des <a href=\"https:\/\/politicsrights.com\/fr\/a-propos\/\" target=\"_self\">directives destin\u00e9es aux auteurs<\/a> et nous adresser un e-mail \u00e0 editorial@politicsrights.com avec votre proposition d'article, une br\u00e8ve biographie et des \u00e9chantillons de votre travail pr\u00e9c\u00e9dent, le cas \u00e9ch\u00e9ant. Nous vous r\u00e9pondrons dans les plus brefs d\u00e9lais avec plus de d\u00e9tails sur le processus de publication. Nous sommes impatients de recevoir votre collaboration !<\/p>\n<p><\/p>\n<p><\/p>\n<h2 class=\"wp-block-heading\"><strong>Contact<\/strong><\/h2>\n<div><strong>&nbsp;<\/strong><\/div>\n<p><\/p>\n<p><\/p>\n<p class=\"translation-block\">Pour toute question, soumission ou opportunit\u00e9 de collaboration, n'h\u00e9sitez pas \u00e0 <a href=\"mailto:editorial@politicsrights.com\" target=\"_self\">nous contacter<\/a>.<\/p>\n<p><\/p>\t\t\t\t\t\t\t\t<\/div>\n\t\t\t\t<\/div>\n\t\t\t\t\t<\/div>\n\t\t<\/div>\n\t\t\t\t\t<\/div>\n\t\t<\/section>\n\t\t\t\t<section class=\"elementor-section elementor-top-section elementor-element elementor-element-478cb40 elementor-section-boxed elementor-section-height-default elementor-section-height-default\" data-id=\"478cb40\" data-element_type=\"section\" data-e-type=\"section\">\n\t\t\t\t\t\t<div class=\"elementor-container elementor-column-gap-default\">\n\t\t\t\t\t<div class=\"elementor-column elementor-col-100 elementor-top-column elementor-element elementor-element-6a458fc\" data-id=\"6a458fc\" data-element_type=\"column\" data-e-type=\"column\">\n\t\t\t<div class=\"elementor-widget-wrap elementor-element-populated\">\n\t\t\t\t\t\t<div class=\"elementor-element elementor-element-aa520a9 elementor-widget elementor-widget-heading\" data-id=\"aa520a9\" data-element_type=\"widget\" data-e-type=\"widget\" data-widget_type=\"heading.default\">\n\t\t\t\t<div class=\"elementor-widget-container\">\n\t\t\t\t\t<h2 class=\"elementor-heading-title elementor-size-default\">R\u00e9dacteur en chef<\/h2>\t\t\t\t<\/div>\n\t\t\t\t<\/div>\n\t\t\t\t<div class=\"elementor-element elementor-element-e50ff11 elementor-widget elementor-widget-foxiz-authors-1\" data-id=\"e50ff11\" data-element_type=\"widget\" data-e-type=\"widget\" data-widget_type=\"foxiz-authors-1.default\">\n\t\t\t\t<div class=\"elementor-widget-container\">\n\t\t\t\t\t<div id=\"uid_e50ff11\" class=\"block-wrap block-authors block-authors-1 is-box-shadow rb-columns rb-col-1 is-gap-20 meta-s-default\">\t\t<div class=\"block-inner\">\r\n\t\t\t\t\t<div class=\"a-card a-card-1\">\r\n\t\t\t<div class=\"a-card-inner box-inner\">\r\n\t\t\t\t<div class=\"a-card-content\">\r\n\t\t\t\t\t<div class=\"a-card-name\">\r\n\t\t\t\t\t\t<a class=\"h4 nice-name\" href=\"https:\/\/politicsrights.com\/fr\/author\/karelj-leyva\/\">Karel J. Leyva<\/a>\r\n\t\t\t\t\t\t\t\t\t\t\t\t\t<span class=\"a-card-count is-meta\">\r\n\t\t\t\t\t\t\t38 Articles\t\t\t\t\t\t\t\t<\/span>\r\n\t\t\t\t\t\t\t\t\t\t\t<\/div>\r\n\t\t\t\t\t<div class=\"description-text rb-text\">\r\n\t\t\t\t\tPh.D. en Philosophie politique (Universit\u00e9 Paris Sciences et Lettres). Chercheur associ\u00e9 \u00e0 l'Universit\u00e9 de Montr\u00e9al, sp\u00e9cialis\u00e9 en th\u00e9orie politique et pluralisme. R\u00e9dacteur en chef de Politics and Rights Review.\t\t\t\t\t\t<\/div>\r\n\t\t\t\t\t\t\t\t\t<\/div>\r\n\t\t\t\t<div class=\"a-card-feat\">\r\n\t\t\t\t\t<a href=\"https:\/\/politicsrights.com\/fr\/author\/karelj-leyva\/\">\r\n\t\t\t\t\t<img alt='' src='https:\/\/politicsrights.com\/wp-content\/uploads\/2024\/07\/Karel-Leyva.png' srcset='https:\/\/politicsrights.com\/wp-content\/uploads\/2024\/07\/Karel-Leyva.png 2x' class='avatar avatar-400 photo avatar-default' height='400' width='400' \/>\t\t\t\t\t\t<\/a>\r\n\t\t\t\t\t\t\t\t\t<\/div>\r\n\t\t\t<\/div>\r\n\t\t<\/div>\r\n\t\t\t\t<\/div>\r\n\t\t<\/div>\t\t\t\t<\/div>\n\t\t\t\t<\/div>\n\t\t\t\t<div class=\"elementor-element elementor-element-3c02874 elementor-widget elementor-widget-spacer\" data-id=\"3c02874\" data-element_type=\"widget\" data-e-type=\"widget\" data-widget_type=\"spacer.default\">\n\t\t\t\t<div class=\"elementor-widget-container\">\n\t\t\t\t\t\t\t<div class=\"elementor-spacer\">\n\t\t\t<div class=\"elementor-spacer-inner\"><\/div>\n\t\t<\/div>\n\t\t\t\t\t\t<\/div>\n\t\t\t\t<\/div>\n\t\t\t\t\t<\/div>\n\t\t<\/div>\n\t\t\t\t\t<\/div>\n\t\t<\/section>\n\t\t\t\t<\/div>","protected":false},"excerpt":{"rendered":"<p>Mobilizing Knowledge: An Interdisciplinary Review Connecting Academia and Society Politics and Rights Review, based in Ottawa, Canada, connects academic knowledge with society, synthesizing clarity and rigor in a way that appeals to both academic and non-academic audiences. Unwavering Commitment to Knowledge Mobilization: Politics and Rights Review is devoted to transcending traditional academic confines, ensuring that [&hellip;]<\/p>\n","protected":false},"author":1,"featured_media":0,"parent":0,"menu_order":0,"comment_status":"closed","ping_status":"closed","template":"","meta":{"iawp_total_views":930,"footnotes":""},"ppma_author":[59],"class_list":["post-3372","page","type-page","status-publish"],"pp_statuses_selecting_workflow":false,"pp_workflow_action":"current","pp_status_selection":"publish","_links":{"self":[{"href":"https:\/\/politicsrights.com\/fr\/wp-json\/wp\/v2\/pages\/3372","targetHints":{"allow":["GET"]}}],"collection":[{"href":"https:\/\/politicsrights.com\/fr\/wp-json\/wp\/v2\/pages"}],"about":[{"href":"https:\/\/politicsrights.com\/fr\/wp-json\/wp\/v2\/types\/page"}],"author":[{"embeddable":true,"href":"https:\/\/politicsrights.com\/fr\/wp-json\/wp\/v2\/users\/1"}],"replies":[{"embeddable":true,"href":"https:\/\/politicsrights.com\/fr\/wp-json\/wp\/v2\/comments?post=3372"}],"version-history":[{"count":0,"href":"https:\/\/politicsrights.com\/fr\/wp-json\/wp\/v2\/pages\/3372\/revisions"}],"wp:attachment":[{"href":"https:\/\/politicsrights.com\/fr\/wp-json\/wp\/v2\/media?parent=3372"}],"wp:term":[{"taxonomy":"author","embeddable":true,"href":"https:\/\/politicsrights.com\/fr\/wp-json\/wp\/v2\/ppma_author?post=3372"}],"curies":[{"name":"wp","href":"https:\/\/api.w.org\/{rel}","templated":true}]}}