{"id":8091,"date":"2024-01-16T02:57:54","date_gmt":"2024-01-16T02:57:54","guid":{"rendered":"https:\/\/politicsrights.com\/?page_id=8091"},"modified":"2024-03-19T18:17:40","modified_gmt":"2024-03-19T18:17:40","slug":"academic-advisory-board","status":"publish","type":"page","link":"https:\/\/politicsrights.com\/fr\/academic-advisory-board\/","title":{"rendered":"Conseil Consultatif Acad\u00e9mique"},"content":{"rendered":"<div data-elementor-type=\"wp-page\" data-elementor-id=\"8091\" class=\"elementor elementor-8091\" data-elementor-post-type=\"page\">\n\t\t\t\t\t\t<section class=\"elementor-section elementor-top-section elementor-element elementor-element-7ce7941 elementor-section-boxed elementor-section-height-default elementor-section-height-default\" data-id=\"7ce7941\" data-element_type=\"section\" data-e-type=\"section\">\n\t\t\t\t\t\t<div class=\"elementor-container elementor-column-gap-default\">\n\t\t\t\t\t<div class=\"elementor-column elementor-col-100 elementor-top-column elementor-element elementor-element-c4ce0e6\" data-id=\"c4ce0e6\" data-element_type=\"column\" data-e-type=\"column\">\n\t\t\t<div class=\"elementor-widget-wrap elementor-element-populated\">\n\t\t\t\t\t\t<div class=\"elementor-element elementor-element-ffea5ff elementor-widget elementor-widget-spacer\" data-id=\"ffea5ff\" data-element_type=\"widget\" data-e-type=\"widget\" data-widget_type=\"spacer.default\">\n\t\t\t\t<div class=\"elementor-widget-container\">\n\t\t\t\t\t\t\t<div class=\"elementor-spacer\">\n\t\t\t<div class=\"elementor-spacer-inner\"><\/div>\n\t\t<\/div>\n\t\t\t\t\t\t<\/div>\n\t\t\t\t<\/div>\n\t\t\t\t<div class=\"elementor-element elementor-element-b359d2d elementor-widget elementor-widget-heading\" data-id=\"b359d2d\" data-element_type=\"widget\" data-e-type=\"widget\" data-widget_type=\"heading.default\">\n\t\t\t\t<div class=\"elementor-widget-container\">\n\t\t\t\t\t<h1 class=\"elementor-heading-title elementor-size-default\">Conseil Consultatif Acad\u00e9mique<\/h1>\t\t\t\t<\/div>\n\t\t\t\t<\/div>\n\t\t\t\t\t<\/div>\n\t\t<\/div>\n\t\t\t\t\t<\/div>\n\t\t<\/section>\n\t\t\t\t<section class=\"elementor-section elementor-top-section elementor-element elementor-element-e5b38dc elementor-section-boxed elementor-section-height-default elementor-section-height-default\" data-id=\"e5b38dc\" data-element_type=\"section\" data-e-type=\"section\">\n\t\t\t\t\t\t<div class=\"elementor-container elementor-column-gap-default\">\n\t\t\t\t\t<div class=\"elementor-column elementor-col-100 elementor-top-column elementor-element elementor-element-f073418\" data-id=\"f073418\" data-element_type=\"column\" data-e-type=\"column\">\n\t\t\t<div class=\"elementor-widget-wrap elementor-element-populated\">\n\t\t\t\t\t\t<div class=\"elementor-element elementor-element-31074eb elementor-widget elementor-widget-spacer\" data-id=\"31074eb\" data-element_type=\"widget\" data-e-type=\"widget\" data-widget_type=\"spacer.default\">\n\t\t\t\t<div class=\"elementor-widget-container\">\n\t\t\t\t\t\t\t<div class=\"elementor-spacer\">\n\t\t\t<div class=\"elementor-spacer-inner\"><\/div>\n\t\t<\/div>\n\t\t\t\t\t\t<\/div>\n\t\t\t\t<\/div>\n\t\t\t\t\t<\/div>\n\t\t<\/div>\n\t\t\t\t\t<\/div>\n\t\t<\/section>\n\t\t\t\t<section class=\"elementor-section elementor-top-section elementor-element elementor-element-8f09019 elementor-section-boxed elementor-section-height-default elementor-section-height-default\" data-id=\"8f09019\" data-element_type=\"section\" data-e-type=\"section\">\n\t\t\t\t\t\t<div class=\"elementor-container elementor-column-gap-default\">\n\t\t\t\t\t<div class=\"elementor-column elementor-col-100 elementor-top-column elementor-element elementor-element-05fa348\" data-id=\"05fa348\" data-element_type=\"column\" data-e-type=\"column\">\n\t\t\t<div class=\"elementor-widget-wrap elementor-element-populated\">\n\t\t\t\t\t\t<div class=\"elementor-element elementor-element-d7fd0a2 elementor-widget__width-initial elementor-widget elementor-widget-foxiz-authors-1\" data-id=\"d7fd0a2\" data-element_type=\"widget\" data-e-type=\"widget\" data-widget_type=\"foxiz-authors-1.default\">\n\t\t\t\t<div class=\"elementor-widget-container\">\n\t\t\t\t\t<div id=\"uid_d7fd0a2\" class=\"block-wrap block-authors block-authors-1 is-box-shadow rb-columns rb-col-2 is-gap-20 meta-s-default\">\t\t<div class=\"block-inner\">\r\n\t\t\t\t\t<div class=\"a-card a-card-1\">\r\n\t\t\t<div class=\"a-card-inner box-inner\">\r\n\t\t\t\t<div class=\"a-card-content\">\r\n\t\t\t\t\t<div class=\"a-card-name\">\r\n\t\t\t\t\t\t<a class=\"h4 nice-name\" href=\"https:\/\/politicsrights.com\/fr\/author\/yves-charles-zarka\/\">Yves Charles Zarka<\/a>\r\n\t\t\t\t\t\t\t\t\t\t\t<\/div>\r\n\t\t\t\t\t<div class=\"description-text rb-text\">\r\n\t\t\t\t\tProfesseur \u00e9m\u00e9rite de philosophie politique \u00e0 la Sorbonne (Universit\u00e9 Paris Descartes) et r\u00e9dacteur en chef des \"Oeuvres de Hobbes\" (Vrin), Yves Charles Zarka est le fondateur et directeur de la revue Cit\u00e9s. Il occupe \u00e9galement des postes de professeur global \u00e0 l'Universit\u00e9 de P\u00e9kin et de professeur invit\u00e9 \u00e0 l'Universit\u00e9 Ca' Foscari de Venise ainsi qu'\u00e0 l'Universit\u00e9 de Rome \"La Sapienza\". Laur\u00e9at  par l'Acad\u00e9mie des sciences morales et politiques, son travail se penche sur la philosophie contemporaine, l'\u00e9pist\u00e9mologie des sciences sociales et la science politique. Il porte un vif int\u00e9r\u00eat \u00e0 la d\u00e9mocratie, aux probl\u00e8mes environnementaux et aux id\u00e9es cosmopolitiques.\t\t\t\t\t\t<\/div>\r\n\t\t\t\t\t\t\t\t\t<\/div>\r\n\t\t\t\t<div class=\"a-card-feat\">\r\n\t\t\t\t\t<a href=\"https:\/\/politicsrights.com\/fr\/author\/yves-charles-zarka\/\">\r\n\t\t\t\t\t<img alt='' src='https:\/\/politicsrights.com\/wp-content\/uploads\/2024\/01\/Yves-Charles-Zarka.webp' srcset='https:\/\/politicsrights.com\/wp-content\/uploads\/2024\/01\/Yves-Charles-Zarka.webp 2x' class='avatar avatar-400 photo avatar-default' height='400' width='400' \/>\t\t\t\t\t\t<\/a>\r\n\t\t\t\t\t\t\t\t\t<\/div>\r\n\t\t\t<\/div>\r\n\t\t<\/div>\r\n\t\t\t\t<div class=\"a-card a-card-1\">\r\n\t\t\t<div class=\"a-card-inner box-inner\">\r\n\t\t\t\t<div class=\"a-card-content\">\r\n\t\t\t\t\t<div class=\"a-card-name\">\r\n\t\t\t\t\t\t<a class=\"h4 nice-name\" href=\"https:\/\/politicsrights.com\/fr\/author\/solange-lefebvre\/\">Solange Lefebvre<\/a>\r\n\t\t\t\t\t\t\t\t\t\t\t<\/div>\r\n\t\t\t\t\t<div class=\"description-text rb-text\">\r\n\t\t\t\t\tProfesseure titulaire \u00e0 l'Institut d'\u00c9tudes Religieuses de l'Universit\u00e9 de Montr\u00e9al, Solange Lefebvre est directrice du Centre interdisciplinaire de recherche sur les religions et les spiritualit\u00e9s (CIRRES). Elle d\u00e9tient la Chaire en gestion de la diversit\u00e9 culturelle et religieuse et est \u00e9galement cotitulaire de la chaire de recherche France-Qu\u00e9bec sur les enjeux contemporains de la libert\u00e9 d\u2019expression (COLIBEX). Son travail, situ\u00e9 \u00e0 l'intersection de la sociologie, de la science politique et de la th\u00e9ologie, se concentre sur les relations ethniques et interculturelles, la gestion de la diversit\u00e9 ethnoreligieuse, et les contextes politiques des transformations sociales.\t\t\t\t\t\t<\/div>\r\n\t\t\t\t\t\t\t\t\t<\/div>\r\n\t\t\t\t<div class=\"a-card-feat\">\r\n\t\t\t\t\t<a href=\"https:\/\/politicsrights.com\/fr\/author\/solange-lefebvre\/\">\r\n\t\t\t\t\t<img alt='' src='https:\/\/politicsrights.com\/wp-content\/uploads\/2024\/01\/Lefebvre_Solange-_1_.webp' srcset='https:\/\/politicsrights.com\/wp-content\/uploads\/2024\/01\/Lefebvre_Solange-_1_.webp 2x' class='avatar avatar-400 photo avatar-default' height='400' width='400' \/>\t\t\t\t\t\t<\/a>\r\n\t\t\t\t\t\t\t\t\t<\/div>\r\n\t\t\t<\/div>\r\n\t\t<\/div>\r\n\t\t\t\t<div class=\"a-card a-card-1\">\r\n\t\t\t<div class=\"a-card-inner box-inner\">\r\n\t\t\t\t<div class=\"a-card-content\">\r\n\t\t\t\t\t<div class=\"a-card-name\">\r\n\t\t\t\t\t\t<a class=\"h4 nice-name\" href=\"https:\/\/politicsrights.com\/fr\/author\/maleiha-malik\/\">Maleiha Malik<\/a>\r\n\t\t\t\t\t\t\t\t\t\t\t<\/div>\r\n\t\t\t\t\t<div class=\"description-text rb-text\">\r\n\t\t\t\t\tForm\u00e9e \u00e0 l'Universit\u00e9 d'Oxford et \u00e0 l'Universit\u00e9 de Londres, Maleiha Malik est professeure de droit au King's College de Londres. Experte en jurisprudence et th\u00e9orie du droit, ses recherches se concentrent principalement sur la th\u00e9orie et la pratique du droit de la discrimination, ainsi que sur la protection des minorit\u00e9s et la th\u00e9orie f\u00e9ministe. Les publications abondantes de Malik dans ces domaines ont consid\u00e9rablement contribu\u00e9 \u00e0 la recherche juridique. Elle a conseill\u00e9 le Minist\u00e8re de l'Int\u00e9rieur du Royaume-Uni et le Minist\u00e8re de la Justice sur les r\u00e9formes l\u00e9gales. De plus, Malik occupe le poste de directrice ex\u00e9cutive de Protect Education in Insecurity and Conflict (PEIC), un projet d'Education Above All (EAA).\t\t\t\t\t\t<\/div>\r\n\t\t\t\t\t\t\t\t\t<\/div>\r\n\t\t\t\t<div class=\"a-card-feat\">\r\n\t\t\t\t\t<a href=\"https:\/\/politicsrights.com\/fr\/author\/maleiha-malik\/\">\r\n\t\t\t\t\t<img alt='' src='https:\/\/politicsrights.com\/wp-content\/uploads\/2024\/01\/Malik.webp' srcset='https:\/\/politicsrights.com\/wp-content\/uploads\/2024\/01\/Malik.webp 2x' class='avatar avatar-400 photo avatar-default' height='400' width='400' \/>\t\t\t\t\t\t<\/a>\r\n\t\t\t\t\t\t\t\t\t<\/div>\r\n\t\t\t<\/div>\r\n\t\t<\/div>\r\n\t\t\t\t<div class=\"a-card a-card-1\">\r\n\t\t\t<div class=\"a-card-inner box-inner\">\r\n\t\t\t\t<div class=\"a-card-content\">\r\n\t\t\t\t\t<div class=\"a-card-name\">\r\n\t\t\t\t\t\t<a class=\"h4 nice-name\" href=\"https:\/\/politicsrights.com\/fr\/author\/eugenia-relano-pastor\/\">Eugenia Rela\u00f1o Pastor<\/a>\r\n\t\t\t\t\t\t\t\t\t\t\t<\/div>\r\n\t\t\t\t\t<div class=\"description-text rb-text\">\r\n\t\t\t\t\tProfesseure titulaire de droit \u00e0 l'Universit\u00e9 Complutense de Madrid et chercheuse principale au D\u00e9partement de droit et d'anthropologie de l'Institut Max Planck pour l'anthropologie sociale. Elle a \u00e9t\u00e9 professeure invit\u00e9e \u00e0 l'Universit\u00e9 d'Oxford, \u00e0 l'Universit\u00e9 Harvard et \u00e0 l'Universit\u00e9 de Californie. Ses recherches se concentrent sur les minorit\u00e9s religieuses, la non-discrimination, l'\u00e9galit\u00e9, la dignit\u00e9 humaine, la diversit\u00e9 religieuse en Europe, l'immigration, l'int\u00e9gration, le multiculturalisme, les droits fondamentaux et l'islamophobie.\t\t\t\t\t\t<\/div>\r\n\t\t\t\t\t\t\t\t\t<\/div>\r\n\t\t\t\t<div class=\"a-card-feat\">\r\n\t\t\t\t\t<a href=\"https:\/\/politicsrights.com\/fr\/author\/eugenia-relano-pastor\/\">\r\n\t\t\t\t\t<img alt='' src='https:\/\/politicsrights.com\/wp-content\/uploads\/2024\/01\/Eugenia-Relano-Pastor.webp' srcset='https:\/\/politicsrights.com\/wp-content\/uploads\/2024\/01\/Eugenia-Relano-Pastor.webp 2x' class='avatar avatar-400 photo avatar-default' height='400' width='400' \/>\t\t\t\t\t\t<\/a>\r\n\t\t\t\t\t\t\t\t\t<\/div>\r\n\t\t\t<\/div>\r\n\t\t<\/div>\r\n\t\t\t\t<div class=\"a-card a-card-1\">\r\n\t\t\t<div class=\"a-card-inner box-inner\">\r\n\t\t\t\t<div class=\"a-card-content\">\r\n\t\t\t\t\t<div class=\"a-card-name\">\r\n\t\t\t\t\t\t<a class=\"h4 nice-name\" href=\"https:\/\/politicsrights.com\/fr\/author\/patrice-brodeur\/\">Patrice Brodeur<\/a>\r\n\t\t\t\t\t\t\t\t\t\t\t<\/div>\r\n\t\t\t\t\t<div class=\"description-text rb-text\">\r\n\t\t\t\t\tDocteur de l'Universit\u00e9 Harvard, Patrice Brodeur est professeur agr\u00e9g\u00e9 \u00e0 l'Institut d'\u00e9tudes religieuses de la Facult\u00e9 des arts et des sciences de l'Universit\u00e9 de Montr\u00e9al. Il occupe \u00e9galement le poste de conseiller principal au Centre international pour le dialogue interreligieux et interculturel (KAICIID) \u00e0 Vienne, en Autriche. Ses recherches se concentrent principalement sur les religions monoth\u00e9istes, avec un accent particulier sur l'Islam contemporain et le dialogue interreligieux.\t\t\t\t\t\t<\/div>\r\n\t\t\t\t\t\t\t\t\t<\/div>\r\n\t\t\t\t<div class=\"a-card-feat\">\r\n\t\t\t\t\t<a href=\"https:\/\/politicsrights.com\/fr\/author\/patrice-brodeur\/\">\r\n\t\t\t\t\t<img alt='' src='https:\/\/politicsrights.com\/wp-content\/uploads\/2024\/01\/patrice-brodeur-photo-836x1024-_1_-_1_.webp' srcset='https:\/\/politicsrights.com\/wp-content\/uploads\/2024\/01\/patrice-brodeur-photo-836x1024-_1_-_1_.webp 2x' class='avatar avatar-400 photo avatar-default' height='400' width='400' \/>\t\t\t\t\t\t<\/a>\r\n\t\t\t\t\t\t\t\t\t<\/div>\r\n\t\t\t<\/div>\r\n\t\t<\/div>\r\n\t\t\t\t<div class=\"a-card a-card-1\">\r\n\t\t\t<div class=\"a-card-inner box-inner\">\r\n\t\t\t\t<div class=\"a-card-content\">\r\n\t\t\t\t\t<div class=\"a-card-name\">\r\n\t\t\t\t\t\t<a class=\"h4 nice-name\" href=\"https:\/\/politicsrights.com\/fr\/author\/masaaki-higashijima\/\">Masaaki Higashijima<\/a>\r\n\t\t\t\t\t\t\t\t\t\t\t\t\t<span class=\"a-card-count is-meta\">\r\n\t\t\t\t\t\t\t1 Article\t\t\t\t\t\t\t\t<\/span>\r\n\t\t\t\t\t\t\t\t\t\t\t<\/div>\r\n\t\t\t\t\t<div class=\"description-text rb-text\">\r\n\t\t\t\t\tAssociate Professor of Comparative Politics at the Institute of Social Science, University of Tokyo. His research interests include comparative political economy, autocratic politics, democratization, and Central Asia. His first book, <em>The Dictator\u2019s Dilemma at the Ballot Box<\/em> (University of Michigan Press, 2022) received several academic awards. He earned a Ph.D. in Political Science at Michigan State University. \t\t\t\t\t\t<\/div>\r\n\t\t\t\t\t\t\t\t\t<\/div>\r\n\t\t\t\t<div class=\"a-card-feat\">\r\n\t\t\t\t\t<a href=\"https:\/\/politicsrights.com\/fr\/author\/masaaki-higashijima\/\">\r\n\t\t\t\t\t<img alt='' src='https:\/\/politicsrights.com\/wp-content\/uploads\/2024\/01\/higashijima-bw-_1_-_1_.webp' srcset='https:\/\/politicsrights.com\/wp-content\/uploads\/2024\/01\/higashijima-bw-_1_-_1_.webp 2x' class='avatar avatar-400 photo avatar-default' height='400' width='400' \/>\t\t\t\t\t\t<\/a>\r\n\t\t\t\t\t\t\t\t\t<\/div>\r\n\t\t\t<\/div>\r\n\t\t<\/div>\r\n\t\t\t\t<div class=\"a-card a-card-1\">\r\n\t\t\t<div class=\"a-card-inner box-inner\">\r\n\t\t\t\t<div class=\"a-card-content\">\r\n\t\t\t\t\t<div class=\"a-card-name\">\r\n\t\t\t\t\t\t<a class=\"h4 nice-name\" href=\"https:\/\/politicsrights.com\/fr\/author\/majela-guzman\/\">Majela Guzman<\/a>\r\n\t\t\t\t\t\t\t\t\t\t\t<\/div>\r\n\t\t\t\t\t<div class=\"description-text rb-text\">\r\n\t\t\t\t\tSp\u00e9cialis\u00e9e en litt\u00e9ratie informationnelle critique et en l'utilisation de l'IA g\u00e9n\u00e9rative dans le milieu universitaire, Majela Guzman est biblioth\u00e9caire de recherche en Sciences Sociales \u00e0 l'Universit\u00e9 d'Ottawa. Elle est la biblioth\u00e9caire de liaison pour les programmes d'\u00c9tudes Politiques, d'Affaires Publiques et Internationales, de D\u00e9veloppement International et d'\u00c9conomie.\t\t\t\t\t\t<\/div>\r\n\t\t\t\t\t\t\t\t\t<\/div>\r\n\t\t\t\t<div class=\"a-card-feat\">\r\n\t\t\t\t\t<a href=\"https:\/\/politicsrights.com\/fr\/author\/majela-guzman\/\">\r\n\t\t\t\t\t<img alt='' src='https:\/\/politicsrights.com\/wp-content\/uploads\/2024\/01\/Majela-2-_1_-_1_-1.webp' srcset='https:\/\/politicsrights.com\/wp-content\/uploads\/2024\/01\/Majela-2-_1_-_1_-1.webp 2x' class='avatar avatar-400 photo avatar-default' height='400' width='400' \/>\t\t\t\t\t\t<\/a>\r\n\t\t\t\t\t\t\t\t\t<\/div>\r\n\t\t\t<\/div>\r\n\t\t<\/div>\r\n\t\t\t\t<div class=\"a-card a-card-1\">\r\n\t\t\t<div class=\"a-card-inner box-inner\">\r\n\t\t\t\t<div class=\"a-card-content\">\r\n\t\t\t\t\t<div class=\"a-card-name\">\r\n\t\t\t\t\t\t<a class=\"h4 nice-name\" href=\"https:\/\/politicsrights.com\/fr\/author\/nathan-alexander\/\">Nathan Alexander<\/a>\r\n\t\t\t\t\t\t\t\t\t\t\t<\/div>\r\n\t\t\t\t\t<div class=\"description-text rb-text\">\r\n\t\t\t\t\tProfesseur d'histoire \u00e0 l'Universit\u00e9 d'Ottawa et auteur de \"Race in a Godless World: Atheism, Race, and Civilization, 1850-1914\" (publi\u00e9 par NYU Press et Manchester University Press). Nathan Alexander d\u00e9tient un doctorat en histoire moderne de l'Universit\u00e9 de St Andrews en \u00c9cosse.\t\t\t\t\t\t<\/div>\r\n\t\t\t\t\t\t\t\t\t<\/div>\r\n\t\t\t\t<div class=\"a-card-feat\">\r\n\t\t\t\t\t<a href=\"https:\/\/politicsrights.com\/fr\/author\/nathan-alexander\/\">\r\n\t\t\t\t\t<img alt='' src='https:\/\/politicsrights.com\/wp-content\/uploads\/2024\/01\/Nathan-Alexander.webp' srcset='https:\/\/politicsrights.com\/wp-content\/uploads\/2024\/01\/Nathan-Alexander.webp 2x' class='avatar avatar-400 photo avatar-default' height='400' width='400' \/>\t\t\t\t\t\t<\/a>\r\n\t\t\t\t\t\t\t\t\t<\/div>\r\n\t\t\t<\/div>\r\n\t\t<\/div>\r\n\t\t\t\t<\/div>\r\n\t\t<\/div>\t\t\t\t<\/div>\n\t\t\t\t<\/div>\n\t\t\t\t\t<\/div>\n\t\t<\/div>\n\t\t\t\t\t<\/div>\n\t\t<\/section>\n\t\t\t\t<section class=\"elementor-section elementor-top-section elementor-element elementor-element-2b8b456 elementor-section-boxed elementor-section-height-default elementor-section-height-default\" data-id=\"2b8b456\" data-element_type=\"section\" data-e-type=\"section\">\n\t\t\t\t\t\t<div class=\"elementor-container elementor-column-gap-default\">\n\t\t\t\t\t<div class=\"elementor-column elementor-col-100 elementor-top-column elementor-element elementor-element-0ea969b\" data-id=\"0ea969b\" data-element_type=\"column\" data-e-type=\"column\">\n\t\t\t<div class=\"elementor-widget-wrap elementor-element-populated\">\n\t\t\t\t\t\t<div class=\"elementor-element elementor-element-08c2691 elementor-widget elementor-widget-spacer\" data-id=\"08c2691\" data-element_type=\"widget\" data-e-type=\"widget\" data-widget_type=\"spacer.default\">\n\t\t\t\t<div class=\"elementor-widget-container\">\n\t\t\t\t\t\t\t<div class=\"elementor-spacer\">\n\t\t\t<div class=\"elementor-spacer-inner\"><\/div>\n\t\t<\/div>\n\t\t\t\t\t\t<\/div>\n\t\t\t\t<\/div>\n\t\t\t\t\t<\/div>\n\t\t<\/div>\n\t\t\t\t\t<\/div>\n\t\t<\/section>\n\t\t\t\t<\/div>","protected":false},"excerpt":{"rendered":"<p>Academic Advisory Board Yves Charles Zarka Professor Emeritus of Political Philosophy at the Sorbonne (Universit\u00e9 Paris Descartes) and general editor of &#8220;Oeuvres de Hobbes&#8221; (Vrin), Yves Charles Zarka, is the founder and director of the journal Cit\u00e9s. He also holds positions as a Global Professor at Peking University and as a visiting professor at both [&hellip;]<\/p>\n","protected":false},"author":1,"featured_media":0,"parent":0,"menu_order":0,"comment_status":"closed","ping_status":"closed","template":"","meta":{"iawp_total_views":541,"footnotes":""},"ppma_author":[59],"class_list":["post-8091","page","type-page","status-publish"],"pp_statuses_selecting_workflow":false,"pp_workflow_action":"current","pp_status_selection":"publish","_links":{"self":[{"href":"https:\/\/politicsrights.com\/fr\/wp-json\/wp\/v2\/pages\/8091","targetHints":{"allow":["GET"]}}],"collection":[{"href":"https:\/\/politicsrights.com\/fr\/wp-json\/wp\/v2\/pages"}],"about":[{"href":"https:\/\/politicsrights.com\/fr\/wp-json\/wp\/v2\/types\/page"}],"author":[{"embeddable":true,"href":"https:\/\/politicsrights.com\/fr\/wp-json\/wp\/v2\/users\/1"}],"replies":[{"embeddable":true,"href":"https:\/\/politicsrights.com\/fr\/wp-json\/wp\/v2\/comments?post=8091"}],"version-history":[{"count":0,"href":"https:\/\/politicsrights.com\/fr\/wp-json\/wp\/v2\/pages\/8091\/revisions"}],"wp:attachment":[{"href":"https:\/\/politicsrights.com\/fr\/wp-json\/wp\/v2\/media?parent=8091"}],"wp:term":[{"taxonomy":"author","embeddable":true,"href":"https:\/\/politicsrights.com\/fr\/wp-json\/wp\/v2\/ppma_author?post=8091"}],"curies":[{"name":"wp","href":"https:\/\/api.w.org\/{rel}","templated":true}]}}